{"id":1222,"date":"2025-05-19T09:33:36","date_gmt":"2025-05-19T07:33:36","guid":{"rendered":"https:\/\/www.oneida-associes.com\/impressum\/"},"modified":"2025-08-04T11:28:39","modified_gmt":"2025-08-04T09:28:39","slug":"impressum","status":"publish","type":"page","link":"https:\/\/www.oneida-associes.com\/de\/impressum\/","title":{"rendered":"Impressum"},"content":{"rendered":"<p>[et_pb_section fb_built=&#8220;1&#8243; _builder_version=&#8220;4.27.4&#8243; _module_preset=&#8220;default&#8220; global_colors_info=&#8220;{}&#8220;][et_pb_row _builder_version=&#8220;4.27.4&#8243; _module_preset=&#8220;default&#8220; global_colors_info=&#8220;{}&#8220;][et_pb_column type=&#8220;4_4&#8243; _builder_version=&#8220;4.27.4&#8243; _module_preset=&#8220;default&#8220; global_colors_info=&#8220;{}&#8220;][et_pb_text _builder_version=&#8220;4.27.4&#8243; _module_preset=&#8220;default&#8220; global_colors_info=&#8220;{}&#8220;]<\/p>\n<div class=\"wpb_text_column wpb_content_element \">\n<div class=\"wpb_wrapper\">\n<h1>Impressum<\/h1>\n<\/div>\n<\/div>\n<div class=\"gem-divider \">Durch den Zugriff auf diese Website akzeptieren Sie uneingeschr\u00e4nkt die geltenden gesetzlichen Bestimmungen und die nachstehend aufgef\u00fchrten Bedingungen.<\/div>\n<div class=\"wpb_text_column wpb_content_element \">\n<div class=\"wpb_wrapper\">\n<p>Die Website oneida-associes.com ist Eigentum von:<br \/>Firma: Oneida Associ\u00e9s<br \/>SAS mit einem Kapital von 100.000 Euro<br \/>RCS Nanterre B 385088109<br \/>USt-IdNr. FR 62385088109<\/p>\n<p>Adresse: 7 rue d\u2019Astorg 75008 PARIS FRANKREICH<br \/>E-Mail-Adresse: contact@oneida-associes.com<br \/>Telefonnummer: +33 1 49 99 92 20<br \/>Verantwortlicher f\u00fcr die Ver\u00f6ffentlichung: Sabine Bergmann<\/p>\n<p>Website gehostet von:<br \/>Firma: OVH SAS<br \/>OVH SAS, 2 rue Kellermann \u2013 59100 Roubaix \u2013 Frankreich<br \/>Tel: 0 899 701 761 \u2013 Fax: 03 20 20 09 58<\/p>\n<p>Der Eigent\u00fcmer dieser Website beh\u00e4lt sich das Recht vor, deren Inhalt jederzeit und ohne Vorank\u00fcndigung zu \u00e4ndern.<\/p>\n<p>Er kann nicht f\u00fcr die Folgen solcher \u00c4nderungen verantwortlich gemacht werden. Ebenso beh\u00e4lt er sich das Recht vor, alle oder einen Teil der Funktionen der Website jederzeit und ohne Vorank\u00fcndigung zu unterbrechen oder auszusetzen. <\/p>\n<h4>DSGVO<\/h4>\n<p class=\"p1\"><span class=\"s1\">Im Rahmen des Betriebs seiner Website kann Oneida Associ\u00e9s personenbezogene Daten verarbeiten. Als Verantwortlicher f\u00fcr die Verarbeitung erf\u00fcllt Oneida Associ\u00e9s alle seine Verpflichtungen gem\u00e4\u00df den geltenden Vorschriften. Zu diesem Zweck hat Oneida Associ\u00e9s eine Datenschutzrichtlinie implementiert, die <a href=\"http:\/\/www.oneida-associes.com\/wordpress\/wp-content\/uploads\/2018\/RGPD\/Politique%20RGPD%20Oneida%20Associes.pdf\" target=\"_blank\" rel=\"noopener\">hier<\/a> zug\u00e4nglich ist.  <\/span><\/p>\n<h4>1. Informationen auf der Website<\/h4>\n<p>Der Eigent\u00fcmer der Website stellt Informationen zu rein informativen Zwecken zur Verf\u00fcgung. Er bem\u00fcht sich, deren Richtigkeit zu \u00fcberpr\u00fcfen und sie auf dem neuesten Stand zu halten. Es wird jedoch keine Garantie f\u00fcr die Richtigkeit, Genauigkeit, Aktualit\u00e4t oder Vollst\u00e4ndigkeit dieser Informationen \u00fcbernommen.  <\/p>\n<p>Folglich und mit Ausnahme eines groben und vors\u00e4tzlichen Fehlers lehnt der Eigent\u00fcmer der Website jede Haftung f\u00fcr Sch\u00e4den ab, die insbesondere aus einer Ungenauigkeit oder Unrichtigkeit der auf dieser Website verf\u00fcgbaren Informationen resultieren, oder f\u00fcr Sch\u00e4den, die aus einem betr\u00fcgerischen Eindringen eines Dritten auf diese Website resultieren, oder f\u00fcr Sch\u00e4den oder Viren, die Ihre Computerausr\u00fcstung nach dem Besuch dieser Website besch\u00e4digen oder unbrauchbar machen k\u00f6nnten.<\/p>\n<p>Der Eigent\u00fcmer der Website kann im Falle der Nichtverf\u00fcgbarkeit der Website aus irgendeinem Grund nicht haftbar gemacht werden.<\/p>\n<h4>2. Geistiges Eigentum<\/h4>\n<p>Der Zugriff auf diese Website gew\u00e4hrt Ihnen ein privates und nicht-exklusives Nutzungsrecht an dieser Website. Alle auf dieser Website ver\u00f6ffentlichten Elemente, einschlie\u00dflich Texte, Fotografien, Logos, Marken usw., stellen geistige Werke im Sinne des Gesetzes \u00fcber geistiges Eigentum dar. Folglich ist jede Nutzung in Form von vollst\u00e4ndiger oder teilweiser Darstellung, \u00c4nderung, Reproduktion usw., die ohne die Zustimmung ihrer Autoren oder ihrer Rechtsnachfolger erfolgen k\u00f6nnte, unrechtm\u00e4\u00dfig.  <\/p>\n<p>Diese Website respektiert das Urheberrecht. Alle Rechte der Autoren der gesch\u00fctzten Werke, die auf dieser Website reproduziert und kommuniziert werden, sind vorbehalten. <\/p>\n<h4>3. Links zu anderen Websites<\/h4>\n<p>Diese Website verwendet Cookies, d. h. auf Ihrem Computer gespeicherte Dateien, die den Zugriff auf die angebotenen Dienste erleichtern. Unter keinen Umst\u00e4nden d\u00fcrfen die Cookies dieser Website dazu verwendet werden, personenbezogene Daten ohne Ihre ausdr\u00fcckliche Zustimmung zu sammeln. Wir weisen Sie darauf hin, dass Sie die Speicherung dieser Cookies ablehnen k\u00f6nnen, indem Sie Ihren Computer gem\u00e4\u00df den auf der Website <a href=\"http:\/\/www.cnil.fr\/\">www.cnil.fr<\/a> beschriebenen Modalit\u00e4ten konfigurieren.  <\/p>\n<h4>4. Anwendbares Recht<\/h4>\n<p>Alle Schwierigkeiten, Reklamationen oder Streitigkeiten, die sich aus oder im Zusammenhang mit diesen Nutzungsbedingungen ergeben, unterliegen franz\u00f6sischem Recht. Das Handelsgericht Paris ist allein zust\u00e4ndig. <\/p>\n<p>Sollte eine dieser Nutzungsbedingungen aufgrund eines Gesetzes, einer Verordnung oder einer endg\u00fcltigen Entscheidung eines zust\u00e4ndigen Gerichts f\u00fcr illegal, ung\u00fcltig oder nicht durchsetzbar befunden werden, bleiben die \u00fcbrigen Bestimmungen in Kraft.<\/p>\n<\/div>\n<\/div>\n<p>[\/et_pb_text][\/et_pb_column][\/et_pb_row][\/et_pb_section]<\/p>\n","protected":false},"excerpt":{"rendered":"<p>Impressum Durch den Zugriff auf diese Website akzeptieren Sie uneingeschr\u00e4nkt die geltenden gesetzlichen Bestimmungen und die nachstehend aufgef\u00fchrten Bedingungen. Die Website oneida-associes.com ist Eigentum von:Firma: Oneida Associ\u00e9sSAS mit einem Kapital von 100.000 EuroRCS Nanterre B 385088109USt-IdNr. FR 62385088109 Adresse: 7 rue d\u2019Astorg 75008 PARIS FRANKREICHE-Mail-Adresse: contact@oneida-associes.comTelefonnummer: +33 1 49 99 92 20Verantwortlicher f\u00fcr die Ver\u00f6ffentlichung: [&hellip;]<\/p>\n","protected":false},"author":1,"featured_media":0,"parent":0,"menu_order":0,"comment_status":"closed","ping_status":"closed","template":"","meta":{"_et_pb_use_builder":"on","_et_pb_old_content":"","_et_gb_content_width":"","footnotes":""},"categories":[],"tags":[],"class_list":["post-1222","page","type-page","status-publish","hentry"],"yoast_head":"<!-- This site is optimized with the Yoast SEO plugin v26.9 - https:\/\/yoast.com\/product\/yoast-seo-wordpress\/ -->\n<title>Impressum - Oneida Associ\u00e9s<\/title>\n<meta name=\"robots\" content=\"index, follow, max-snippet:-1, max-image-preview:large, max-video-preview:-1\" \/>\n<link rel=\"canonical\" href=\"https:\/\/www.oneida-associes.com\/de\/impressum\/\" \/>\n<meta property=\"og:locale\" content=\"de_DE\" \/>\n<meta property=\"og:type\" content=\"article\" \/>\n<meta property=\"og:title\" content=\"Impressum - Oneida Associ\u00e9s\" \/>\n<meta property=\"og:description\" content=\"Impressum Durch den Zugriff auf diese Website akzeptieren Sie uneingeschr\u00e4nkt die geltenden gesetzlichen Bestimmungen und die nachstehend aufgef\u00fchrten Bedingungen. Die Website oneida-associes.com ist Eigentum von:Firma: Oneida Associ\u00e9sSAS mit einem Kapital von 100.000 EuroRCS Nanterre B 385088109USt-IdNr. FR 62385088109 Adresse: 7 rue d\u2019Astorg 75008 PARIS FRANKREICHE-Mail-Adresse: contact@oneida-associes.comTelefonnummer: +33 1 49 99 92 20Verantwortlicher f\u00fcr die Ver\u00f6ffentlichung: [&hellip;]\" \/>\n<meta property=\"og:url\" content=\"https:\/\/www.oneida-associes.com\/de\/impressum\/\" \/>\n<meta property=\"og:site_name\" content=\"Oneida Associ\u00e9s\" \/>\n<meta property=\"article:modified_time\" content=\"2025-08-04T09:28:39+00:00\" \/>\n<meta name=\"twitter:card\" content=\"summary_large_image\" \/>\n<meta name=\"twitter:label1\" content=\"Gesch\u00e4tzte Lesezeit\" \/>\n\t<meta name=\"twitter:data1\" content=\"3\u00a0Minute\" \/>\n<script type=\"application\/ld+json\" class=\"yoast-schema-graph\">{\"@context\":\"https:\/\/schema.org\",\"@graph\":[{\"@type\":\"WebPage\",\"@id\":\"https:\/\/www.oneida-associes.com\/de\/impressum\/\",\"url\":\"https:\/\/www.oneida-associes.com\/de\/impressum\/\",\"name\":\"Impressum - Oneida Associ\u00e9s\",\"isPartOf\":{\"@id\":\"https:\/\/www.oneida-associes.com\/de\/#website\"},\"datePublished\":\"2025-05-19T07:33:36+00:00\",\"dateModified\":\"2025-08-04T09:28:39+00:00\",\"breadcrumb\":{\"@id\":\"https:\/\/www.oneida-associes.com\/de\/impressum\/#breadcrumb\"},\"inLanguage\":\"de\",\"potentialAction\":[{\"@type\":\"ReadAction\",\"target\":[\"https:\/\/www.oneida-associes.com\/de\/impressum\/\"]}]},{\"@type\":\"BreadcrumbList\",\"@id\":\"https:\/\/www.oneida-associes.com\/de\/impressum\/#breadcrumb\",\"itemListElement\":[{\"@type\":\"ListItem\",\"position\":1,\"name\":\"Accueil\",\"item\":\"https:\/\/www.oneida-associes.com\/de\/\"},{\"@type\":\"ListItem\",\"position\":2,\"name\":\"Impressum\"}]},{\"@type\":\"WebSite\",\"@id\":\"https:\/\/www.oneida-associes.com\/de\/#website\",\"url\":\"https:\/\/www.oneida-associes.com\/de\/\",\"name\":\"Oneida Associ\u00e9s\",\"description\":\"Accompagne vos projets de transformation\",\"potentialAction\":[{\"@type\":\"SearchAction\",\"target\":{\"@type\":\"EntryPoint\",\"urlTemplate\":\"https:\/\/www.oneida-associes.com\/de\/?s={search_term_string}\"},\"query-input\":{\"@type\":\"PropertyValueSpecification\",\"valueRequired\":true,\"valueName\":\"search_term_string\"}}],\"inLanguage\":\"de\"}]}<\/script>\n<!-- \/ Yoast SEO plugin. -->","yoast_head_json":{"title":"Impressum - Oneida Associ\u00e9s","robots":{"index":"index","follow":"follow","max-snippet":"max-snippet:-1","max-image-preview":"max-image-preview:large","max-video-preview":"max-video-preview:-1"},"canonical":"https:\/\/www.oneida-associes.com\/de\/impressum\/","og_locale":"de_DE","og_type":"article","og_title":"Impressum - Oneida Associ\u00e9s","og_description":"Impressum Durch den Zugriff auf diese Website akzeptieren Sie uneingeschr\u00e4nkt die geltenden gesetzlichen Bestimmungen und die nachstehend aufgef\u00fchrten Bedingungen. Die Website oneida-associes.com ist Eigentum von:Firma: Oneida Associ\u00e9sSAS mit einem Kapital von 100.000 EuroRCS Nanterre B 385088109USt-IdNr. FR 62385088109 Adresse: 7 rue d\u2019Astorg 75008 PARIS FRANKREICHE-Mail-Adresse: contact@oneida-associes.comTelefonnummer: +33 1 49 99 92 20Verantwortlicher f\u00fcr die Ver\u00f6ffentlichung: [&hellip;]","og_url":"https:\/\/www.oneida-associes.com\/de\/impressum\/","og_site_name":"Oneida Associ\u00e9s","article_modified_time":"2025-08-04T09:28:39+00:00","twitter_card":"summary_large_image","twitter_misc":{"Gesch\u00e4tzte Lesezeit":"3\u00a0Minute"},"schema":{"@context":"https:\/\/schema.org","@graph":[{"@type":"WebPage","@id":"https:\/\/www.oneida-associes.com\/de\/impressum\/","url":"https:\/\/www.oneida-associes.com\/de\/impressum\/","name":"Impressum - Oneida Associ\u00e9s","isPartOf":{"@id":"https:\/\/www.oneida-associes.com\/de\/#website"},"datePublished":"2025-05-19T07:33:36+00:00","dateModified":"2025-08-04T09:28:39+00:00","breadcrumb":{"@id":"https:\/\/www.oneida-associes.com\/de\/impressum\/#breadcrumb"},"inLanguage":"de","potentialAction":[{"@type":"ReadAction","target":["https:\/\/www.oneida-associes.com\/de\/impressum\/"]}]},{"@type":"BreadcrumbList","@id":"https:\/\/www.oneida-associes.com\/de\/impressum\/#breadcrumb","itemListElement":[{"@type":"ListItem","position":1,"name":"Accueil","item":"https:\/\/www.oneida-associes.com\/de\/"},{"@type":"ListItem","position":2,"name":"Impressum"}]},{"@type":"WebSite","@id":"https:\/\/www.oneida-associes.com\/de\/#website","url":"https:\/\/www.oneida-associes.com\/de\/","name":"Oneida Associ\u00e9s","description":"Accompagne vos projets de transformation","potentialAction":[{"@type":"SearchAction","target":{"@type":"EntryPoint","urlTemplate":"https:\/\/www.oneida-associes.com\/de\/?s={search_term_string}"},"query-input":{"@type":"PropertyValueSpecification","valueRequired":true,"valueName":"search_term_string"}}],"inLanguage":"de"}]}},"_links":{"self":[{"href":"https:\/\/www.oneida-associes.com\/de\/wp-json\/wp\/v2\/pages\/1222","targetHints":{"allow":["GET"]}}],"collection":[{"href":"https:\/\/www.oneida-associes.com\/de\/wp-json\/wp\/v2\/pages"}],"about":[{"href":"https:\/\/www.oneida-associes.com\/de\/wp-json\/wp\/v2\/types\/page"}],"author":[{"embeddable":true,"href":"https:\/\/www.oneida-associes.com\/de\/wp-json\/wp\/v2\/users\/1"}],"replies":[{"embeddable":true,"href":"https:\/\/www.oneida-associes.com\/de\/wp-json\/wp\/v2\/comments?post=1222"}],"version-history":[{"count":5,"href":"https:\/\/www.oneida-associes.com\/de\/wp-json\/wp\/v2\/pages\/1222\/revisions"}],"predecessor-version":[{"id":1308,"href":"https:\/\/www.oneida-associes.com\/de\/wp-json\/wp\/v2\/pages\/1222\/revisions\/1308"}],"wp:attachment":[{"href":"https:\/\/www.oneida-associes.com\/de\/wp-json\/wp\/v2\/media?parent=1222"}],"wp:term":[{"taxonomy":"category","embeddable":true,"href":"https:\/\/www.oneida-associes.com\/de\/wp-json\/wp\/v2\/categories?post=1222"},{"taxonomy":"post_tag","embeddable":true,"href":"https:\/\/www.oneida-associes.com\/de\/wp-json\/wp\/v2\/tags?post=1222"}],"curies":[{"name":"wp","href":"https:\/\/api.w.org\/{rel}","templated":true}]}}