{"id":1228,"date":"2025-05-19T09:32:23","date_gmt":"2025-05-19T07:32:23","guid":{"rendered":"https:\/\/www.oneida-associes.com\/neuausrichtungen-und-revitalisierungen\/"},"modified":"2025-08-04T11:28:53","modified_gmt":"2025-08-04T09:28:53","slug":"neuausrichtungen-und-revitalisierungen","status":"publish","type":"page","link":"https:\/\/www.oneida-associes.com\/de\/neuausrichtungen-und-revitalisierungen\/","title":{"rendered":"Neuausrichtungen und Revitalisierungen"},"content":{"rendered":"<p>[et_pb_section fb_built=&#8220;1&#8243; _builder_version=&#8220;4.27.4&#8243; _module_preset=&#8220;default&#8220; background_image=&#8220;https:\/\/www.oneida-associes.com\/wp-content\/uploads\/V3-Reconvertir.png&#8220; hover_enabled=&#8220;0&#8243; locked=&#8220;off&#8220; global_colors_info=&#8220;{}&#8220; title_text=&#8220;V3 Reconvertir&#8220; sticky_enabled=&#8220;0&#8243;][et_pb_row _builder_version=&#8220;4.27.4&#8243; _module_preset=&#8220;default&#8220; global_colors_info=&#8220;{}&#8220;][et_pb_column type=&#8220;4_4&#8243; _builder_version=&#8220;4.27.4&#8243; _module_preset=&#8220;default&#8220; global_colors_info=&#8220;{}&#8220;][et_pb_text _builder_version=&#8220;4.27.4&#8243; _module_preset=&#8220;default&#8220; global_colors_info=&#8220;{}&#8220;]<\/p>\n<h1><span style=\"color: #ffffff;\"><strong><\/strong><\/span><\/h1>\n<p><span style=\"color: #ffffff;\"><\/span><\/p>\n<p>&nbsp;<\/p>\n<h1><span style=\"color: #ffffff;\"><strong><\/strong><\/span><\/h1>\n<h1><\/h1>\n<h1><span style=\"color: #ffffff;\"><span style=\"font-size: 32px;\"><b>STANDORTE NEUAUSRICHTEN <\/b><\/span><\/span><\/h1>\n<h1><span style=\"color: #ffffff;\"><span style=\"font-size: 32px;\"><b>UND REGIONEN REVITALISIEREN<\/b><\/span><\/span><span style=\"color: #ffffff;\"><\/span><\/h1>\n<p><span style=\"color: #ffffff;\"><strong><\/strong><\/span><\/p>\n<p><span style=\"color: #ffffff;\"><\/span><\/p>\n<p><span style=\"color: #ffffff;\"><\/span><\/p>\n<p><span style=\"color: #ffffff;\"><\/span><\/p>\n<p><span style=\"color: #ffffff;\"><strong><\/strong><\/span><\/p>\n<p>[\/et_pb_text][\/et_pb_column][\/et_pb_row][\/et_pb_section][et_pb_section fb_built=&#8220;1&#8243; _builder_version=&#8220;4.27.4&#8243; _module_preset=&#8220;default&#8220; background_color=&#8220;#F0F3F2&#8243; top_divider_color=&#8220;#FB4F14&#8243; top_divider_height=&#8220;2px&#8220; bottom_divider_style=&#8220;slant2&#8243; bottom_divider_color=&#8220;#EC6608&#8243; bottom_divider_height=&#8220;25px&#8220; global_colors_info=&#8220;{}&#8220;][et_pb_row _builder_version=&#8220;4.27.4&#8243; _module_preset=&#8220;default&#8220; global_colors_info=&#8220;{}&#8220;][et_pb_column type=&#8220;4_4&#8243; _builder_version=&#8220;4.27.4&#8243; _module_preset=&#8220;default&#8220; global_colors_info=&#8220;{}&#8220;][et_pb_text _builder_version=&#8220;4.27.4&#8243; _module_preset=&#8220;default&#8220; header_2_text_color=&#8220;#FB4F14&#8243; global_colors_info=&#8220;{}&#8220;]<\/p>\n<h2><span style=\"color: #ec6608;\">Wir unterst\u00fctzen Unternehmen dabei, Industriestandorte neu auszurichten und Regionen zu revitalisieren<\/span><\/h2>\n<p>[\/et_pb_text][\/et_pb_column][\/et_pb_row][et_pb_row _builder_version=&#8220;4.27.4&#8243; _module_preset=&#8220;default&#8220; custom_padding=&#8220;5px||5px||true|false&#8220; global_colors_info=&#8220;{}&#8220;][et_pb_column type=&#8220;4_4&#8243; _builder_version=&#8220;4.27.4&#8243; _module_preset=&#8220;default&#8220; global_colors_info=&#8220;{}&#8220;][et_pb_blurb title=&#8220;Standortneuausrichtung (Fabriken, Logistikplattformen, F)&#8220; use_icon=&#8220;on&#8220; font_icon=&#8220;&#x4e;||divi||400&#8243; icon_color=&#8220;#EC6608&#8243; icon_placement=&#8220;left&#8220; content_max_width=&#8220;100%&#8220; _builder_version=&#8220;4.27.4&#8243; _module_preset=&#8220;default&#8220; header_line_height=&#8220;1.2em&#8220; module_alignment=&#8220;left&#8220; custom_margin=&#8220;5px||5px||true|false&#8220; custom_padding=&#8220;5px||5px||true|false&#8220; global_colors_info=&#8220;{}&#8220;][\/et_pb_blurb][et_pb_blurb title=&#8220;Suche nach einem \u00dcbernehmer im Rahmen des Florange-Gesetzes &#8220; use_icon=&#8220;on&#8220; font_icon=&#8220;&#x4e;||divi||400&#8243; icon_color=&#8220;#EC6608&#8243; icon_placement=&#8220;left&#8220; content_max_width=&#8220;100%&#8220; _builder_version=&#8220;4.27.4&#8243; _module_preset=&#8220;default&#8220; header_line_height=&#8220;1.2em&#8220; module_alignment=&#8220;left&#8220; custom_margin=&#8220;5px||5px||true|false&#8220; custom_padding=&#8220;5px||5px||true|false&#8220; global_colors_info=&#8220;{}&#8220;][\/et_pb_blurb][et_pb_blurb title=&#8220;Verhandlung und Management von Revitalisierungsprogrammen f\u00fcr Regionen &#8220; use_icon=&#8220;on&#8220; font_icon=&#8220;&#x4e;||divi||400&#8243; icon_color=&#8220;#EC6608&#8243; icon_placement=&#8220;left&#8220; content_max_width=&#8220;100%&#8220; _builder_version=&#8220;4.27.4&#8243; _module_preset=&#8220;default&#8220; header_line_height=&#8220;1.2em&#8220; module_alignment=&#8220;left&#8220; custom_margin=&#8220;5px||5px||true|false&#8220; custom_padding=&#8220;5px||5px||true|false&#8220; global_colors_info=&#8220;{}&#8220;][\/et_pb_blurb][\/et_pb_column][\/et_pb_row][\/et_pb_section][et_pb_section fb_built=&#8220;1&#8243; _builder_version=&#8220;4.27.4&#8243; _module_preset=&#8220;default&#8220; background_color=&#8220;#F0F3F2&#8243; top_divider_style=&#8220;slant2&#8243; top_divider_color=&#8220;#FB4F14&#8243; top_divider_height=&#8220;25px&#8220; global_colors_info=&#8220;{}&#8220;][et_pb_row _builder_version=&#8220;4.27.4&#8243; _module_preset=&#8220;default&#8220; global_colors_info=&#8220;{}&#8220;][et_pb_column type=&#8220;4_4&#8243; _builder_version=&#8220;4.27.4&#8243; _module_preset=&#8220;default&#8220; global_colors_info=&#8220;{}&#8220;][et_pb_text _builder_version=&#8220;4.27.4&#8243; _module_preset=&#8220;default&#8220; header_2_text_color=&#8220;#FB4F14&#8243; global_colors_info=&#8220;{}&#8220;]<\/p>\n<h2><span style=\"color: #ec6608;\">Wir bieten unsere Expertise f\u00fcr:<\/span><\/h2>\n<p>[\/et_pb_text][et_pb_blurb title=&#8220;Erarbeitung und Umsetzung von L\u00f6sungen zur industriellen Neuausrichtung&#8220; use_icon=&#8220;on&#8220; font_icon=&#8220;&#x4e;||divi||400&#8243; icon_color=&#8220;#EC6608&#8243; icon_placement=&#8220;left&#8220; content_max_width=&#8220;100%&#8220; _builder_version=&#8220;4.27.4&#8243; _module_preset=&#8220;default&#8220; header_line_height=&#8220;1.2em&#8220; module_alignment=&#8220;left&#8220; custom_margin=&#8220;5px||5px||true|false&#8220; custom_padding=&#8220;5px||5px||true|false&#8220; global_colors_info=&#8220;{}&#8220;][\/et_pb_blurb][et_pb_blurb title=&#8220;Durchf\u00fchrung von \u00dcbernehmersuchen in Anwendung des Florange-Gesetzes und Kommunikation mit Sozialpartnern und regionalen Akteuren&#8220; use_icon=&#8220;on&#8220; font_icon=&#8220;&#x4e;||divi||400&#8243; icon_color=&#8220;#EC6608&#8243; icon_placement=&#8220;left&#8220; content_max_width=&#8220;100%&#8220; _builder_version=&#8220;4.27.4&#8243; _module_preset=&#8220;default&#8220; header_line_height=&#8220;1.2em&#8220; module_alignment=&#8220;left&#8220; custom_margin=&#8220;5px||5px||true|false&#8220; custom_padding=&#8220;5px||5px||true|false&#8220; global_colors_info=&#8220;{}&#8220;][\/et_pb_blurb][et_pb_blurb title=&#8220;Erstellung von Studien zu regionalen Arbeitsm\u00e4rkten und Besch\u00e4ftigungsf\u00e4higkeit (mit unserer Tochtergesellschaft 30 Fab)&#8220; use_icon=&#8220;on&#8220; font_icon=&#8220;&#x4e;||divi||400&#8243; icon_color=&#8220;#EC6608&#8243; icon_placement=&#8220;left&#8220; content_max_width=&#8220;100%&#8220; _builder_version=&#8220;4.27.4&#8243; _module_preset=&#8220;default&#8220; header_line_height=&#8220;1.2em&#8220; module_alignment=&#8220;left&#8220; custom_margin=&#8220;5px||5px||true|false&#8220; custom_padding=&#8220;5px||5px||true|false&#8220; global_colors_info=&#8220;{}&#8220;][\/et_pb_blurb][et_pb_blurb title=&#8220;Konzeption und Management von Revitalisierungsprogrammen f\u00fcr Regionen; Darstellung der vom Unternehmen durchgef\u00fchrten Ma\u00dfnahmen gegen\u00fcber lokalen Entscheidungstr\u00e4gern&#8220; use_icon=&#8220;on&#8220; font_icon=&#8220;&#x4e;||divi||400&#8243; icon_color=&#8220;#EC6608&#8243; icon_placement=&#8220;left&#8220; content_max_width=&#8220;100%&#8220; _builder_version=&#8220;4.27.4&#8243; _module_preset=&#8220;default&#8220; header_line_height=&#8220;1.2em&#8220; module_alignment=&#8220;left&#8220; custom_margin=&#8220;5px||5px||true|false&#8220; custom_padding=&#8220;5px||5px||true|false&#8220; global_colors_info=&#8220;{}&#8220;][\/et_pb_blurb][\/et_pb_column][\/et_pb_row][et_pb_row _builder_version=&#8220;4.27.4&#8243; _module_preset=&#8220;default&#8220; global_colors_info=&#8220;{}&#8220;][et_pb_column type=&#8220;4_4&#8243; _builder_version=&#8220;4.27.4&#8243; _module_preset=&#8220;default&#8220; global_colors_info=&#8220;{}&#8220;][et_pb_divider _builder_version=&#8220;4.27.4&#8243; _module_preset=&#8220;default&#8220; global_colors_info=&#8220;{}&#8220;][\/et_pb_divider][\/et_pb_column][\/et_pb_row][\/et_pb_section][et_pb_section fb_built=&#8220;1&#8243; fullwidth=&#8220;on&#8220; _builder_version=&#8220;4.27.4&#8243; _module_preset=&#8220;default&#8220; locked=&#8220;off&#8220; global_colors_info=&#8220;{}&#8220;][et_pb_fullwidth_image src=&#8220;https:\/\/www.oneida-associes.com\/wp-content\/uploads\/ONEIDA_ASSOCIES-12-24-2000-8.png&#8220; title_text=&#8220;ONEIDA ASSOCIES 12 24 2000 8&#8243; _builder_version=&#8220;4.27.4&#8243; _module_preset=&#8220;default&#8220; global_colors_info=&#8220;{}&#8220;][\/et_pb_fullwidth_image][\/et_pb_section]<\/p>\n","protected":false},"excerpt":{"rendered":"<p>&nbsp; STANDORTE NEUAUSRICHTEN UND REGIONEN REVITALISIEREN Wir unterst\u00fctzen Unternehmen dabei, Industriestandorte neu auszurichten und Regionen zu revitalisierenWir bieten unsere Expertise f\u00fcr:<\/p>\n","protected":false},"author":1,"featured_media":0,"parent":0,"menu_order":0,"comment_status":"closed","ping_status":"closed","template":"","meta":{"_et_pb_use_builder":"on","_et_pb_old_content":"","_et_gb_content_width":"","footnotes":""},"categories":[],"tags":[],"class_list":["post-1228","page","type-page","status-publish","hentry"],"yoast_head":"<!-- This site is optimized with the Yoast SEO plugin v26.9 - https:\/\/yoast.com\/product\/yoast-seo-wordpress\/ -->\n<title>Neuausrichtungen und Revitalisierungen - Oneida Associ\u00e9s<\/title>\n<meta name=\"robots\" content=\"index, follow, max-snippet:-1, max-image-preview:large, max-video-preview:-1\" \/>\n<link rel=\"canonical\" href=\"https:\/\/www.oneida-associes.com\/de\/neuausrichtungen-und-revitalisierungen\/\" \/>\n<meta property=\"og:locale\" content=\"de_DE\" \/>\n<meta property=\"og:type\" content=\"article\" \/>\n<meta property=\"og:title\" content=\"Neuausrichtungen und Revitalisierungen - Oneida Associ\u00e9s\" \/>\n<meta property=\"og:description\" content=\"&nbsp; STANDORTE NEUAUSRICHTEN UND REGIONEN REVITALISIEREN Wir unterst\u00fctzen Unternehmen dabei, Industriestandorte neu auszurichten und Regionen zu revitalisierenWir bieten unsere Expertise f\u00fcr:\" \/>\n<meta property=\"og:url\" content=\"https:\/\/www.oneida-associes.com\/de\/neuausrichtungen-und-revitalisierungen\/\" \/>\n<meta property=\"og:site_name\" content=\"Oneida Associ\u00e9s\" \/>\n<meta property=\"article:modified_time\" content=\"2025-08-04T09:28:53+00:00\" \/>\n<meta name=\"twitter:card\" content=\"summary_large_image\" \/>\n<meta name=\"twitter:label1\" content=\"Gesch\u00e4tzte Lesezeit\" \/>\n\t<meta name=\"twitter:data1\" content=\"4\u00a0Minute\" \/>\n<script type=\"application\/ld+json\" class=\"yoast-schema-graph\">{\"@context\":\"https:\/\/schema.org\",\"@graph\":[{\"@type\":\"WebPage\",\"@id\":\"https:\/\/www.oneida-associes.com\/de\/neuausrichtungen-und-revitalisierungen\/\",\"url\":\"https:\/\/www.oneida-associes.com\/de\/neuausrichtungen-und-revitalisierungen\/\",\"name\":\"Neuausrichtungen und Revitalisierungen - Oneida Associ\u00e9s\",\"isPartOf\":{\"@id\":\"https:\/\/www.oneida-associes.com\/de\/#website\"},\"datePublished\":\"2025-05-19T07:32:23+00:00\",\"dateModified\":\"2025-08-04T09:28:53+00:00\",\"breadcrumb\":{\"@id\":\"https:\/\/www.oneida-associes.com\/de\/neuausrichtungen-und-revitalisierungen\/#breadcrumb\"},\"inLanguage\":\"de\",\"potentialAction\":[{\"@type\":\"ReadAction\",\"target\":[\"https:\/\/www.oneida-associes.com\/de\/neuausrichtungen-und-revitalisierungen\/\"]}]},{\"@type\":\"BreadcrumbList\",\"@id\":\"https:\/\/www.oneida-associes.com\/de\/neuausrichtungen-und-revitalisierungen\/#breadcrumb\",\"itemListElement\":[{\"@type\":\"ListItem\",\"position\":1,\"name\":\"Accueil\",\"item\":\"https:\/\/www.oneida-associes.com\/de\/\"},{\"@type\":\"ListItem\",\"position\":2,\"name\":\"Neuausrichtungen und Revitalisierungen\"}]},{\"@type\":\"WebSite\",\"@id\":\"https:\/\/www.oneida-associes.com\/de\/#website\",\"url\":\"https:\/\/www.oneida-associes.com\/de\/\",\"name\":\"Oneida Associ\u00e9s\",\"description\":\"Accompagne vos projets de transformation\",\"potentialAction\":[{\"@type\":\"SearchAction\",\"target\":{\"@type\":\"EntryPoint\",\"urlTemplate\":\"https:\/\/www.oneida-associes.com\/de\/?s={search_term_string}\"},\"query-input\":{\"@type\":\"PropertyValueSpecification\",\"valueRequired\":true,\"valueName\":\"search_term_string\"}}],\"inLanguage\":\"de\"}]}<\/script>\n<!-- \/ Yoast SEO plugin. -->","yoast_head_json":{"title":"Neuausrichtungen und Revitalisierungen - Oneida Associ\u00e9s","robots":{"index":"index","follow":"follow","max-snippet":"max-snippet:-1","max-image-preview":"max-image-preview:large","max-video-preview":"max-video-preview:-1"},"canonical":"https:\/\/www.oneida-associes.com\/de\/neuausrichtungen-und-revitalisierungen\/","og_locale":"de_DE","og_type":"article","og_title":"Neuausrichtungen und Revitalisierungen - Oneida Associ\u00e9s","og_description":"&nbsp; STANDORTE NEUAUSRICHTEN UND REGIONEN REVITALISIEREN Wir unterst\u00fctzen Unternehmen dabei, Industriestandorte neu auszurichten und Regionen zu revitalisierenWir bieten unsere Expertise f\u00fcr:","og_url":"https:\/\/www.oneida-associes.com\/de\/neuausrichtungen-und-revitalisierungen\/","og_site_name":"Oneida Associ\u00e9s","article_modified_time":"2025-08-04T09:28:53+00:00","twitter_card":"summary_large_image","twitter_misc":{"Gesch\u00e4tzte Lesezeit":"4\u00a0Minute"},"schema":{"@context":"https:\/\/schema.org","@graph":[{"@type":"WebPage","@id":"https:\/\/www.oneida-associes.com\/de\/neuausrichtungen-und-revitalisierungen\/","url":"https:\/\/www.oneida-associes.com\/de\/neuausrichtungen-und-revitalisierungen\/","name":"Neuausrichtungen und Revitalisierungen - Oneida Associ\u00e9s","isPartOf":{"@id":"https:\/\/www.oneida-associes.com\/de\/#website"},"datePublished":"2025-05-19T07:32:23+00:00","dateModified":"2025-08-04T09:28:53+00:00","breadcrumb":{"@id":"https:\/\/www.oneida-associes.com\/de\/neuausrichtungen-und-revitalisierungen\/#breadcrumb"},"inLanguage":"de","potentialAction":[{"@type":"ReadAction","target":["https:\/\/www.oneida-associes.com\/de\/neuausrichtungen-und-revitalisierungen\/"]}]},{"@type":"BreadcrumbList","@id":"https:\/\/www.oneida-associes.com\/de\/neuausrichtungen-und-revitalisierungen\/#breadcrumb","itemListElement":[{"@type":"ListItem","position":1,"name":"Accueil","item":"https:\/\/www.oneida-associes.com\/de\/"},{"@type":"ListItem","position":2,"name":"Neuausrichtungen und Revitalisierungen"}]},{"@type":"WebSite","@id":"https:\/\/www.oneida-associes.com\/de\/#website","url":"https:\/\/www.oneida-associes.com\/de\/","name":"Oneida Associ\u00e9s","description":"Accompagne vos projets de transformation","potentialAction":[{"@type":"SearchAction","target":{"@type":"EntryPoint","urlTemplate":"https:\/\/www.oneida-associes.com\/de\/?s={search_term_string}"},"query-input":{"@type":"PropertyValueSpecification","valueRequired":true,"valueName":"search_term_string"}}],"inLanguage":"de"}]}},"_links":{"self":[{"href":"https:\/\/www.oneida-associes.com\/de\/wp-json\/wp\/v2\/pages\/1228","targetHints":{"allow":["GET"]}}],"collection":[{"href":"https:\/\/www.oneida-associes.com\/de\/wp-json\/wp\/v2\/pages"}],"about":[{"href":"https:\/\/www.oneida-associes.com\/de\/wp-json\/wp\/v2\/types\/page"}],"author":[{"embeddable":true,"href":"https:\/\/www.oneida-associes.com\/de\/wp-json\/wp\/v2\/users\/1"}],"replies":[{"embeddable":true,"href":"https:\/\/www.oneida-associes.com\/de\/wp-json\/wp\/v2\/comments?post=1228"}],"version-history":[{"count":2,"href":"https:\/\/www.oneida-associes.com\/de\/wp-json\/wp\/v2\/pages\/1228\/revisions"}],"predecessor-version":[{"id":1230,"href":"https:\/\/www.oneida-associes.com\/de\/wp-json\/wp\/v2\/pages\/1228\/revisions\/1230"}],"wp:attachment":[{"href":"https:\/\/www.oneida-associes.com\/de\/wp-json\/wp\/v2\/media?parent=1228"}],"wp:term":[{"taxonomy":"category","embeddable":true,"href":"https:\/\/www.oneida-associes.com\/de\/wp-json\/wp\/v2\/categories?post=1228"},{"taxonomy":"post_tag","embeddable":true,"href":"https:\/\/www.oneida-associes.com\/de\/wp-json\/wp\/v2\/tags?post=1228"}],"curies":[{"name":"wp","href":"https:\/\/api.w.org\/{rel}","templated":true}]}}