{"id":1240,"date":"2025-05-19T09:33:09","date_gmt":"2025-05-19T07:33:09","guid":{"rendered":"https:\/\/www.oneida-associes.com\/rekrutierung\/"},"modified":"2025-08-04T11:29:03","modified_gmt":"2025-08-04T09:29:03","slug":"rekrutierung","status":"publish","type":"page","link":"https:\/\/www.oneida-associes.com\/de\/rekrutierung\/","title":{"rendered":"Rekrutierung"},"content":{"rendered":"<p>[et_pb_section fb_built=&#8220;1&#8243; _builder_version=&#8220;4.27.4&#8243; _module_preset=&#8220;default&#8220; background_color=&#8220;#F0F3F2&#8243; global_colors_info=&#8220;{}&#8220;][et_pb_row _builder_version=&#8220;4.27.4&#8243; _module_preset=&#8220;default&#8220; custom_margin=&#8220;25px||5px||false|false&#8220; custom_padding=&#8220;5px||5px||true|false&#8220; locked=&#8220;off&#8220; global_colors_info=&#8220;{}&#8220;][et_pb_column type=&#8220;4_4&#8243; _builder_version=&#8220;4.27.4&#8243; _module_preset=&#8220;default&#8220; global_colors_info=&#8220;{}&#8220;][et_pb_text _builder_version=&#8220;4.27.4&#8243; _module_preset=&#8220;default&#8220; header_2_text_align=&#8220;center&#8220; header_2_text_color=&#8220;#FB4F14&#8243; header_2_font_size=&#8220;36px&#8220; custom_margin=&#8220;5px||5px||true|false&#8220; custom_padding=&#8220;5px||5px||true|false&#8220; global_colors_info=&#8220;{}&#8220;]<\/p>\n<h2><span style=\"color: #ec6608;\"><strong>Rekrutierung<\/strong><\/span><\/h2>\n<p>[\/et_pb_text][et_pb_divider color=&#8220;#EC6608&#8243; divider_position=&#8220;center&#8220; divider_weight=&#8220;4px&#8220; _builder_version=&#8220;4.27.4&#8243; _module_preset=&#8220;default&#8220; width=&#8220;200px&#8220; max_width=&#8220;200px&#8220; module_alignment=&#8220;center&#8220; custom_margin=&#8220;5px||5px||true|false&#8220; custom_padding=&#8220;5px||5px||true|false&#8220; global_colors_info=&#8220;{}&#8220;][\/et_pb_divider][et_pb_text _builder_version=&#8220;4.27.4&#8243; _module_preset=&#8220;default&#8220; text_text_color=&#8220;#5F727F&#8220; header_3_text_align=&#8220;center&#8220; header_3_text_color=&#8220;#FB4F14&#8243; header_3_font_size=&#8220;30px&#8220; custom_margin=&#8220;5px||5px||true|false&#8220; custom_padding=&#8220;5px||5px||true|false&#8220; locked=&#8220;off&#8220; global_colors_info=&#8220;{}&#8220;]<\/p>\n<h4 style=\"text-align: center;\"><strong><span style=\"color: #ec6608;\"><em>Unsere Teams spielen eine Schl\u00fcsselrolle bei der Entwicklung <\/em><\/span><\/strong><\/h4>\n<h4 style=\"text-align: center;\"><strong><span style=\"color: #ec6608;\"><em>unserer Kanzlei und im Umgang mit unseren Kunden<\/em><\/span><\/strong><\/h4>\n<p>[\/et_pb_text][\/et_pb_column][\/et_pb_row][\/et_pb_section][et_pb_section fb_built=&#8220;1&#8243; inner_shadow=&#8220;on&#8220; _builder_version=&#8220;4.27.4&#8243; _module_preset=&#8220;default&#8220; custom_padding=&#8220;100px||100px||true|false&#8220; global_colors_info=&#8220;{}&#8220;][et_pb_row column_structure=&#8220;3_5,2_5&#8243; _builder_version=&#8220;4.27.4&#8243; _module_preset=&#8220;default&#8220; global_colors_info=&#8220;{}&#8220;][et_pb_column type=&#8220;3_5&#8243; _builder_version=&#8220;4.27.4&#8243; _module_preset=&#8220;default&#8220; global_colors_info=&#8220;{}&#8220;][et_pb_image src=&#8220;https:\/\/www.oneida-associes.com\/wp-content\/uploads\/ONEIDA_ASSOCIES-12-24-2000-17-e1753895116719.jpg&#8220; title_text=&#8220;ONEIDA ASSOCIES 12 24 2000 17&#8243; _builder_version=&#8220;4.27.4&#8243; _module_preset=&#8220;default&#8220; global_colors_info=&#8220;{}&#8220;][\/et_pb_image][\/et_pb_column][et_pb_column type=&#8220;2_5&#8243; _builder_version=&#8220;4.27.4&#8243; _module_preset=&#8220;default&#8220; global_colors_info=&#8220;{}&#8220;][et_pb_text _builder_version=&#8220;4.27.4&#8243; _module_preset=&#8220;default&#8220; text_orientation=&#8220;justified&#8220; global_colors_info=&#8220;{}&#8220;]<\/p>\n<p><span style=\"color: #333333;\">Wir rekrutieren Berater, die unsere Teams verst\u00e4rken m\u00f6chten. In diesem Rahmen nehmen Sie an Missionen mit hohem Mehrwert teil, bei denen Sie sehr schnell Verantwortung \u00fcbernehmen und in direktem Kontakt mit unseren Kunden und Partnern stehen.<\/span><\/p>\n<p>[\/et_pb_text][\/et_pb_column][\/et_pb_row][et_pb_row column_structure=&#8220;2_5,3_5&#8243; _builder_version=&#8220;4.27.4&#8243; _module_preset=&#8220;default&#8220; global_colors_info=&#8220;{}&#8220;][et_pb_column type=&#8220;2_5&#8243; _builder_version=&#8220;4.27.4&#8243; _module_preset=&#8220;default&#8220; global_colors_info=&#8220;{}&#8220;][et_pb_text _builder_version=&#8220;4.27.4&#8243; _module_preset=&#8220;default&#8220; text_orientation=&#8220;justified&#8220; custom_padding=&#8220;||0px|||&#8220; global_colors_info=&#8220;{}&#8220;]<\/p>\n<p><span style=\"color: #333333;\">Wir arbeiten haupts\u00e4chlich mit gro\u00dfen internationalen Konzernen aus verschiedenen Sektoren (Industrie, Banken, Einzelhandel, Pharmazie&#8230;) zusammen, die oft Marktf\u00fchrer sind und ihr Image und ihre Marken sch\u00fctzen m\u00f6chten.<\/span><\/p>\n<p>[\/et_pb_text][\/et_pb_column][et_pb_column type=&#8220;3_5&#8243; _builder_version=&#8220;4.27.4&#8243; _module_preset=&#8220;default&#8220; global_colors_info=&#8220;{}&#8220;][et_pb_image src=&#8220;https:\/\/www.oneida-associes.com\/wp-content\/uploads\/ONEIDA_ASSOCIES-12-24-2000-14-e1753895170341.jpg&#8220; title_text=&#8220;ONEIDA ASSOCIES 12 24 2000 14&#8243; _builder_version=&#8220;4.27.4&#8243; _module_preset=&#8220;default&#8220; global_colors_info=&#8220;{}&#8220;][\/et_pb_image][\/et_pb_column][\/et_pb_row][\/et_pb_section][et_pb_section fb_built=&#8220;1&#8243; _builder_version=&#8220;4.27.4&#8243; _module_preset=&#8220;default&#8220; background_color=&#8220;#F0F3F2&#8243; global_colors_info=&#8220;{}&#8220;][et_pb_row _builder_version=&#8220;4.27.4&#8243; _module_preset=&#8220;default&#8220; custom_margin=&#8220;25px||5px||false|false&#8220; custom_padding=&#8220;5px||5px||true|false&#8220; locked=&#8220;off&#8220; global_colors_info=&#8220;{}&#8220;][et_pb_column type=&#8220;4_4&#8243; _builder_version=&#8220;4.27.4&#8243; _module_preset=&#8220;default&#8220; global_colors_info=&#8220;{}&#8220;][et_pb_text _builder_version=&#8220;4.27.4&#8243; _module_preset=&#8220;default&#8220; header_2_text_align=&#8220;center&#8220; header_2_text_color=&#8220;#FB4F14&#8243; header_2_font_size=&#8220;36px&#8220; custom_margin=&#8220;5px||5px||true|false&#8220; custom_padding=&#8220;5px||5px||true|false&#8220; global_colors_info=&#8220;{}&#8220;]<\/p>\n<h2><span style=\"color: #ec6608;\">Unsere Angebote<\/span><\/h2>\n<p>[\/et_pb_text][et_pb_divider color=&#8220;#EC6608&#8243; divider_position=&#8220;center&#8220; divider_weight=&#8220;4px&#8220; _builder_version=&#8220;4.27.4&#8243; _module_preset=&#8220;default&#8220; width=&#8220;200px&#8220; max_width=&#8220;200px&#8220; module_alignment=&#8220;center&#8220; custom_margin=&#8220;5px||5px||true|false&#8220; custom_padding=&#8220;5px||5px||true|false&#8220; global_colors_info=&#8220;{}&#8220;][\/et_pb_divider][\/et_pb_column][\/et_pb_row][et_pb_row _builder_version=&#8220;4.27.4&#8243; _module_preset=&#8220;default&#8220; global_colors_info=&#8220;{}&#8220;][et_pb_column type=&#8220;4_4&#8243; _builder_version=&#8220;4.27.4&#8243; _module_preset=&#8220;default&#8220; global_colors_info=&#8220;{}&#8220;][et_pb_cta title=&#8220;Zu besetzende Stelle (unbefristeter Vertrag) \u2013 Junior-Berater(in) &#8220; button_url=&#8220;https:\/\/www.oneida-associes.com\/wp-content\/uploads\/Fiche-de-poste-Consultante-junior.pdf&#8220; url_new_window=&#8220;on&#8220; button_text=&#8220;Angebot ansehen&#8220; _builder_version=&#8220;4.27.4&#8243; _module_preset=&#8220;default&#8220; background_color=&#8220;#EC6608&#8243; hover_enabled=&#8220;0&#8243; global_colors_info=&#8220;{}&#8220; sticky_enabled=&#8220;0&#8243;][\/et_pb_cta][et_pb_cta title=&#8220;Zu besetzende Stelle (unbefristeter Vertrag) \u2013 Wirtschaftsanalyst(in) &amp; Digital-Referent(in)&#8220; button_url=&#8220;https:\/\/acrobat.adobe.com\/id\/urn:aaid:sc:EU:a488ae39-a436-453b-a1b9-a249484f361e&#8220; url_new_window=&#8220;on&#8220; button_text=&#8220;Angebot ansehen&#8220; _builder_version=&#8220;4.27.4&#8243; _module_preset=&#8220;default&#8220; background_color=&#8220;#EC6608&#8243; hover_enabled=&#8220;0&#8243; global_colors_info=&#8220;{}&#8220; sticky_enabled=&#8220;0&#8243;][\/et_pb_cta][\/et_pb_column][\/et_pb_row][\/et_pb_section][et_pb_section fb_built=&#8220;1&#8243; _builder_version=&#8220;4.27.4&#8243; _module_preset=&#8220;default&#8220; global_colors_info=&#8220;{}&#8220;][et_pb_row column_structure=&#8220;1_3,1_3,1_3&#8243; use_custom_gutter=&#8220;on&#8220; gutter_width=&#8220;2&#8243; make_equal=&#8220;on&#8220; _builder_version=&#8220;4.27.4&#8243; _module_preset=&#8220;default&#8220; width=&#8220;100%&#8220; max_width=&#8220;100%&#8220; custom_margin=&#8220;0px|0px|0px|0px|true|true&#8220; custom_padding=&#8220;0px|25px|0px|25px|true|true&#8220; global_colors_info=&#8220;{}&#8220;][et_pb_column type=&#8220;1_3&#8243; _builder_version=&#8220;4.27.4&#8243; _module_preset=&#8220;default&#8220; global_colors_info=&#8220;{}&#8220;][et_pb_code _builder_version=&#8220;4.27.4&#8243; _module_preset=&#8220;default&#8220; global_colors_info=&#8220;{}&#8220;]<iframe loading=\"lazy\" title=\"Vimeo-Player\" src=\"https:\/\/player.vimeo.com\/video\/1038515914?h=1cdf6b2914\" width=\"640\" height=\"360\" frameborder=\"0\" referrerpolicy=\"strict-origin-when-cross-origin\" allow=\"autoplay; fullscreen; picture-in-picture; clipboard-write; encrypted-media; web-share\" allowfullscreen=\"\"><\/iframe>[\/et_pb_code][\/et_pb_column][et_pb_column type=&#8220;1_3&#8243; _builder_version=&#8220;4.27.4&#8243; _module_preset=&#8220;default&#8220; global_colors_info=&#8220;{}&#8220;][et_pb_code _builder_version=&#8220;4.27.4&#8243; _module_preset=&#8220;default&#8220; global_colors_info=&#8220;{}&#8220;]<iframe loading=\"lazy\" title=\"Vimeo-Player\" src=\"https:\/\/player.vimeo.com\/video\/1038515894?h=bc955691ec\" width=\"640\" height=\"360\" frameborder=\"0\" referrerpolicy=\"strict-origin-when-cross-origin\" allow=\"autoplay; fullscreen; picture-in-picture; clipboard-write; encrypted-media; web-share\" allowfullscreen=\"\"><\/iframe>[\/et_pb_code][\/et_pb_column][et_pb_column type=&#8220;1_3&#8243; _builder_version=&#8220;4.27.4&#8243; _module_preset=&#8220;default&#8220; global_colors_info=&#8220;{}&#8220;][et_pb_code _builder_version=&#8220;4.27.4&#8243; _module_preset=&#8220;default&#8220; global_colors_info=&#8220;{}&#8220;]<iframe loading=\"lazy\" title=\"Vimeo-Player\" src=\"https:\/\/player.vimeo.com\/video\/1038515875?h=f67da201a4\" width=\"640\" height=\"360\" frameborder=\"0\" referrerpolicy=\"strict-origin-when-cross-origin\" allow=\"autoplay; fullscreen; picture-in-picture; clipboard-write; encrypted-media; web-share\" allowfullscreen=\"\"><\/iframe>[\/et_pb_code][\/et_pb_column][\/et_pb_row][\/et_pb_section][et_pb_section fb_built=&#8220;1&#8243; fullwidth=&#8220;on&#8220; _builder_version=&#8220;4.27.4&#8243; _module_preset=&#8220;default&#8220; global_colors_info=&#8220;{}&#8220;][et_pb_fullwidth_image src=&#8220;https:\/\/www.oneida-associes.com\/wp-content\/uploads\/ONEIDA_ASSOCIES-12-24-2000-16.png&#8220; title_text=&#8220;ONEIDA ASSOCIES 12 24 2000 16&#8243; _builder_version=&#8220;4.27.4&#8243; _module_preset=&#8220;default&#8220; global_colors_info=&#8220;{}&#8220;][\/et_pb_fullwidth_image][\/et_pb_section]<\/p>\n","protected":false},"excerpt":{"rendered":"<p>RekrutierungUnsere Teams spielen eine Schl\u00fcsselrolle bei der Entwicklung unserer Kanzlei und im Umgang mit unseren KundenWir rekrutieren Berater, die unsere Teams verst\u00e4rken m\u00f6chten. In diesem Rahmen nehmen Sie an Missionen mit hohem Mehrwert teil, bei denen Sie sehr schnell Verantwortung \u00fcbernehmen und in direktem Kontakt mit unseren Kunden und Partnern stehen.Wir arbeiten haupts\u00e4chlich mit gro\u00dfen [&hellip;]<\/p>\n","protected":false},"author":1,"featured_media":0,"parent":0,"menu_order":0,"comment_status":"closed","ping_status":"closed","template":"","meta":{"_et_pb_use_builder":"on","_et_pb_old_content":"","_et_gb_content_width":"","footnotes":""},"categories":[],"tags":[],"class_list":["post-1240","page","type-page","status-publish","hentry"],"yoast_head":"<!-- This site is optimized with the Yoast SEO plugin v26.9 - https:\/\/yoast.com\/product\/yoast-seo-wordpress\/ -->\n<title>Rekrutierung - Oneida Associ\u00e9s<\/title>\n<meta name=\"robots\" content=\"index, follow, max-snippet:-1, max-image-preview:large, max-video-preview:-1\" \/>\n<link rel=\"canonical\" href=\"https:\/\/www.oneida-associes.com\/de\/rekrutierung\/\" \/>\n<meta property=\"og:locale\" content=\"de_DE\" \/>\n<meta property=\"og:type\" content=\"article\" \/>\n<meta property=\"og:title\" content=\"Rekrutierung - Oneida Associ\u00e9s\" \/>\n<meta property=\"og:description\" content=\"RekrutierungUnsere Teams spielen eine Schl\u00fcsselrolle bei der Entwicklung unserer Kanzlei und im Umgang mit unseren KundenWir rekrutieren Berater, die unsere Teams verst\u00e4rken m\u00f6chten. In diesem Rahmen nehmen Sie an Missionen mit hohem Mehrwert teil, bei denen Sie sehr schnell Verantwortung \u00fcbernehmen und in direktem Kontakt mit unseren Kunden und Partnern stehen.Wir arbeiten haupts\u00e4chlich mit gro\u00dfen [&hellip;]\" \/>\n<meta property=\"og:url\" content=\"https:\/\/www.oneida-associes.com\/de\/rekrutierung\/\" \/>\n<meta property=\"og:site_name\" content=\"Oneida Associ\u00e9s\" \/>\n<meta property=\"article:modified_time\" content=\"2025-08-04T09:29:03+00:00\" \/>\n<meta name=\"twitter:card\" content=\"summary_large_image\" \/>\n<meta name=\"twitter:label1\" content=\"Gesch\u00e4tzte Lesezeit\" \/>\n\t<meta name=\"twitter:data1\" content=\"5\u00a0Minute\" \/>\n<script type=\"application\/ld+json\" class=\"yoast-schema-graph\">{\"@context\":\"https:\/\/schema.org\",\"@graph\":[{\"@type\":\"WebPage\",\"@id\":\"https:\/\/www.oneida-associes.com\/de\/rekrutierung\/\",\"url\":\"https:\/\/www.oneida-associes.com\/de\/rekrutierung\/\",\"name\":\"Rekrutierung - Oneida Associ\u00e9s\",\"isPartOf\":{\"@id\":\"https:\/\/www.oneida-associes.com\/de\/#website\"},\"datePublished\":\"2025-05-19T07:33:09+00:00\",\"dateModified\":\"2025-08-04T09:29:03+00:00\",\"breadcrumb\":{\"@id\":\"https:\/\/www.oneida-associes.com\/de\/rekrutierung\/#breadcrumb\"},\"inLanguage\":\"de\",\"potentialAction\":[{\"@type\":\"ReadAction\",\"target\":[\"https:\/\/www.oneida-associes.com\/de\/rekrutierung\/\"]}]},{\"@type\":\"BreadcrumbList\",\"@id\":\"https:\/\/www.oneida-associes.com\/de\/rekrutierung\/#breadcrumb\",\"itemListElement\":[{\"@type\":\"ListItem\",\"position\":1,\"name\":\"Accueil\",\"item\":\"https:\/\/www.oneida-associes.com\/de\/\"},{\"@type\":\"ListItem\",\"position\":2,\"name\":\"Rekrutierung\"}]},{\"@type\":\"WebSite\",\"@id\":\"https:\/\/www.oneida-associes.com\/de\/#website\",\"url\":\"https:\/\/www.oneida-associes.com\/de\/\",\"name\":\"Oneida Associ\u00e9s\",\"description\":\"Accompagne vos projets de transformation\",\"potentialAction\":[{\"@type\":\"SearchAction\",\"target\":{\"@type\":\"EntryPoint\",\"urlTemplate\":\"https:\/\/www.oneida-associes.com\/de\/?s={search_term_string}\"},\"query-input\":{\"@type\":\"PropertyValueSpecification\",\"valueRequired\":true,\"valueName\":\"search_term_string\"}}],\"inLanguage\":\"de\"}]}<\/script>\n<!-- \/ Yoast SEO plugin. -->","yoast_head_json":{"title":"Rekrutierung - Oneida Associ\u00e9s","robots":{"index":"index","follow":"follow","max-snippet":"max-snippet:-1","max-image-preview":"max-image-preview:large","max-video-preview":"max-video-preview:-1"},"canonical":"https:\/\/www.oneida-associes.com\/de\/rekrutierung\/","og_locale":"de_DE","og_type":"article","og_title":"Rekrutierung - Oneida Associ\u00e9s","og_description":"RekrutierungUnsere Teams spielen eine Schl\u00fcsselrolle bei der Entwicklung unserer Kanzlei und im Umgang mit unseren KundenWir rekrutieren Berater, die unsere Teams verst\u00e4rken m\u00f6chten. In diesem Rahmen nehmen Sie an Missionen mit hohem Mehrwert teil, bei denen Sie sehr schnell Verantwortung \u00fcbernehmen und in direktem Kontakt mit unseren Kunden und Partnern stehen.Wir arbeiten haupts\u00e4chlich mit gro\u00dfen [&hellip;]","og_url":"https:\/\/www.oneida-associes.com\/de\/rekrutierung\/","og_site_name":"Oneida Associ\u00e9s","article_modified_time":"2025-08-04T09:29:03+00:00","twitter_card":"summary_large_image","twitter_misc":{"Gesch\u00e4tzte Lesezeit":"5\u00a0Minute"},"schema":{"@context":"https:\/\/schema.org","@graph":[{"@type":"WebPage","@id":"https:\/\/www.oneida-associes.com\/de\/rekrutierung\/","url":"https:\/\/www.oneida-associes.com\/de\/rekrutierung\/","name":"Rekrutierung - Oneida Associ\u00e9s","isPartOf":{"@id":"https:\/\/www.oneida-associes.com\/de\/#website"},"datePublished":"2025-05-19T07:33:09+00:00","dateModified":"2025-08-04T09:29:03+00:00","breadcrumb":{"@id":"https:\/\/www.oneida-associes.com\/de\/rekrutierung\/#breadcrumb"},"inLanguage":"de","potentialAction":[{"@type":"ReadAction","target":["https:\/\/www.oneida-associes.com\/de\/rekrutierung\/"]}]},{"@type":"BreadcrumbList","@id":"https:\/\/www.oneida-associes.com\/de\/rekrutierung\/#breadcrumb","itemListElement":[{"@type":"ListItem","position":1,"name":"Accueil","item":"https:\/\/www.oneida-associes.com\/de\/"},{"@type":"ListItem","position":2,"name":"Rekrutierung"}]},{"@type":"WebSite","@id":"https:\/\/www.oneida-associes.com\/de\/#website","url":"https:\/\/www.oneida-associes.com\/de\/","name":"Oneida Associ\u00e9s","description":"Accompagne vos projets de transformation","potentialAction":[{"@type":"SearchAction","target":{"@type":"EntryPoint","urlTemplate":"https:\/\/www.oneida-associes.com\/de\/?s={search_term_string}"},"query-input":{"@type":"PropertyValueSpecification","valueRequired":true,"valueName":"search_term_string"}}],"inLanguage":"de"}]}},"_links":{"self":[{"href":"https:\/\/www.oneida-associes.com\/de\/wp-json\/wp\/v2\/pages\/1240","targetHints":{"allow":["GET"]}}],"collection":[{"href":"https:\/\/www.oneida-associes.com\/de\/wp-json\/wp\/v2\/pages"}],"about":[{"href":"https:\/\/www.oneida-associes.com\/de\/wp-json\/wp\/v2\/types\/page"}],"author":[{"embeddable":true,"href":"https:\/\/www.oneida-associes.com\/de\/wp-json\/wp\/v2\/users\/1"}],"replies":[{"embeddable":true,"href":"https:\/\/www.oneida-associes.com\/de\/wp-json\/wp\/v2\/comments?post=1240"}],"version-history":[{"count":2,"href":"https:\/\/www.oneida-associes.com\/de\/wp-json\/wp\/v2\/pages\/1240\/revisions"}],"predecessor-version":[{"id":1242,"href":"https:\/\/www.oneida-associes.com\/de\/wp-json\/wp\/v2\/pages\/1240\/revisions\/1242"}],"wp:attachment":[{"href":"https:\/\/www.oneida-associes.com\/de\/wp-json\/wp\/v2\/media?parent=1240"}],"wp:term":[{"taxonomy":"category","embeddable":true,"href":"https:\/\/www.oneida-associes.com\/de\/wp-json\/wp\/v2\/categories?post=1240"},{"taxonomy":"post_tag","embeddable":true,"href":"https:\/\/www.oneida-associes.com\/de\/wp-json\/wp\/v2\/tags?post=1240"}],"curies":[{"name":"wp","href":"https:\/\/api.w.org\/{rel}","templated":true}]}}