{"id":1246,"date":"2025-05-19T09:32:35","date_gmt":"2025-05-19T07:32:35","guid":{"rendered":"https:\/\/www.oneida-associes.com\/ma-loesungen\/"},"modified":"2025-08-04T11:28:53","modified_gmt":"2025-08-04T09:28:53","slug":"ma-loesungen","status":"publish","type":"page","link":"https:\/\/www.oneida-associes.com\/de\/ma-loesungen\/","title":{"rendered":"M&amp;A-L\u00f6sungen"},"content":{"rendered":"<p>[et_pb_section fb_built=&#8220;1&#8243; _builder_version=&#8220;4.27.4&#8243; _module_preset=&#8220;default&#8220; background_image=&#8220;https:\/\/www.oneida-associes.com\/wp-content\/uploads\/V3-identifier.png&#8220; locked=&#8220;off&#8220; global_colors_info=&#8220;{}&#8220;][et_pb_row _builder_version=&#8220;4.27.4&#8243; _module_preset=&#8220;default&#8220; global_colors_info=&#8220;{}&#8220;][et_pb_column type=&#8220;4_4&#8243; _builder_version=&#8220;4.27.4&#8243; _module_preset=&#8220;default&#8220; global_colors_info=&#8220;{}&#8220;][et_pb_text _builder_version=&#8220;4.27.4&#8243; _module_preset=&#8220;default&#8220; global_colors_info=&#8220;{}&#8220;]<\/p>\n<h1><span style=\"color: #ffffff;\"><strong><\/strong><\/span><\/h1>\n<p><span style=\"color: #ffffff;\"><\/span><\/p>\n<p><span style=\"color: #ffffff;\"><\/span><\/p>\n<p><span style=\"color: #ffffff;\"><\/span><\/p>\n<h1><span style=\"color: #ffffff;\"><strong><\/strong><\/span><\/h1>\n<h1><span style=\"color: #ffffff;\"><\/span><\/h1>\n<h1><span style=\"color: #ffffff;\"><strong><\/strong><\/span><\/h1>\n<h1><span style=\"color: #ffffff;\"><strong><\/strong><\/span><\/h1>\n<h1><span style=\"color: #ffffff;\"><span style=\"font-size: 32px;\"><b>M&amp;A-L\u00d6SUNGEN IDENTIFIZIEREN<\/b><\/span><\/span><\/h1>\n<p><span style=\"color: #ffffff;\"><span style=\"font-size: 32px;\"><b><\/b><\/span><\/span><\/p>\n<p><span style=\"color: #ffffff;\"><span style=\"font-size: 32px;\"><b><\/b><\/span><\/span><\/p>\n<p><span style=\"color: #ffffff;\"><span style=\"font-size: 32px;\"><b><\/b><\/span><\/span><\/p>\n<h1> <\/h1>\n<h1><span style=\"color: #ffffff;\"><strong><\/strong><\/span><\/h1>\n<h1><span style=\"color: #ffffff;\"><\/span><\/h1>\n<h1><span style=\"color: #ffffff;\"><\/span><\/h1>\n<p>[\/et_pb_text][\/et_pb_column][\/et_pb_row][\/et_pb_section][et_pb_section fb_built=&#8220;1&#8243; _builder_version=&#8220;4.27.4&#8243; _module_preset=&#8220;default&#8220; background_color=&#8220;#F0F3F2&#8243; top_divider_color=&#8220;#FB4F14&#8243; top_divider_height=&#8220;2px&#8220; bottom_divider_style=&#8220;slant2&#8243; bottom_divider_color=&#8220;#EC6608&#8243; bottom_divider_height=&#8220;25px&#8220; global_colors_info=&#8220;{}&#8220;][et_pb_row _builder_version=&#8220;4.27.4&#8243; _module_preset=&#8220;default&#8220; global_colors_info=&#8220;{}&#8220;][et_pb_column type=&#8220;4_4&#8243; _builder_version=&#8220;4.27.4&#8243; _module_preset=&#8220;default&#8220; global_colors_info=&#8220;{}&#8220;][et_pb_text _builder_version=&#8220;4.27.4&#8243; _module_preset=&#8220;default&#8220; header_2_text_color=&#8220;#FB4F14&#8243; global_colors_info=&#8220;{}&#8220;]<\/p>\n<h2><span style=\"color: #ec6608;\">Unsere Mission:<\/span><\/h2>\n<p>[\/et_pb_text][et_pb_text _builder_version=&#8220;4.27.4&#8243; _module_preset=&#8220;default&#8220; text_orientation=&#8220;justified&#8220; global_colors_info=&#8220;{}&#8220;]<\/p>\n<p><span style=\"color: #333333;\">Die Abteilung \u201eM&amp;A-L\u00f6sungen\u201c von Oneida Associ\u00e9s bietet ein integriertes M&amp;A-Beratungsangebot, das auf den anderen Fachkenntnissen der Kanzlei aufbaut (Sozialstrategie und -ingenieurwesen, sensible Kommunikation und Begleitung des Wandels). Ihre Teams arbeiten an Small- und Low-Mid-Cap-Transaktionen, zu Themen der externen Wachstumsstrategie, Finanzierung, Akquisitionsmandaten, Verkauf von Tochtergesellschaften oder Gesch\u00e4ftsbereichen, komplexen Carve-outs, Auslagerung und der Suche nach K\u00e4ufern im Rahmen des Loi Florange.<\/span><\/p>\n<p><span style=\"color: #333333;\">Die Experten der Abteilung \u201eM&amp;A-L\u00f6sungen\u201c von Oneida Associ\u00e9s vereinen erg\u00e4nzende Kompetenzen und eine starke Fach- und\/oder Verhandlungserfahrung. Sie sind insbesondere f\u00fcr ihre Industrie- und Tech-DNA bekannt. Sie sind sowohl bei Projekten in Frankreich als auch bei grenz\u00fcberschreitenden Transaktionen t\u00e4tig.<\/span><\/p>\n<p>[\/et_pb_text][\/et_pb_column][\/et_pb_row][\/et_pb_section][et_pb_section fb_built=&#8220;1&#8243; _builder_version=&#8220;4.27.4&#8243; _module_preset=&#8220;default&#8220; background_color=&#8220;#e3e3e3&#8243; top_divider_style=&#8220;slant2&#8243; top_divider_color=&#8220;#FB4F14&#8243; top_divider_height=&#8220;25px&#8220; global_colors_info=&#8220;{}&#8220;][et_pb_row _builder_version=&#8220;4.27.4&#8243; _module_preset=&#8220;default&#8220; global_colors_info=&#8220;{}&#8220;][et_pb_column type=&#8220;4_4&#8243; _builder_version=&#8220;4.27.4&#8243; _module_preset=&#8220;default&#8220; global_colors_info=&#8220;{}&#8220;][et_pb_text _builder_version=&#8220;4.27.4&#8243; _module_preset=&#8220;default&#8220; header_2_text_color=&#8220;#FB4F14&#8243; global_colors_info=&#8220;{}&#8220;]<\/p>\n<h2><span style=\"color: #ec6608;\">Wir bieten unsere Expertise f\u00fcr:<\/span><\/h2>\n<p>[\/et_pb_text][et_pb_blurb title=&#8220;Verkauf von Tochtergesellschaften oder Gesch\u00e4ftsbereichen (einschlie\u00dflich der weniger profitablen), Carve-out, Spinoff&#8220; use_icon=&#8220;on&#8220; font_icon=&#8220;&#x4e;||divi||400&#8243; icon_color=&#8220;#EC6608&#8243; icon_placement=&#8220;left&#8220; content_max_width=&#8220;100%&#8220; _builder_version=&#8220;4.27.4&#8243; _module_preset=&#8220;default&#8220; header_line_height=&#8220;1.2em&#8220; module_alignment=&#8220;left&#8220; custom_margin=&#8220;5px||5px||true|false&#8220; custom_padding=&#8220;5px||5px||true|false&#8220; global_colors_info=&#8220;{}&#8220;]<\/p>\n<p>Verkauf von Aktivit\u00e4ten, Carve-out und Ausgliederung<\/p>\n<p>[\/et_pb_blurb][et_pb_blurb title=&#8220;Externe Wachstumsstrategie&#8220; use_icon=&#8220;on&#8220; font_icon=&#8220;&#x4e;||divi||400&#8243; icon_color=&#8220;#EC6608&#8243; icon_placement=&#8220;left&#8220; content_max_width=&#8220;100%&#8220; _builder_version=&#8220;4.27.4&#8243; _module_preset=&#8220;default&#8220; header_line_height=&#8220;1.2em&#8220; module_alignment=&#8220;left&#8220; custom_margin=&#8220;5px||5px||true|false&#8220; custom_padding=&#8220;5px||5px||true|false&#8220; global_colors_info=&#8220;{}&#8220;]<\/p>\n<p>Definition der externen Wachstumsstrategie (Build-up, Diversifizierung, vertikale Integration)<\/p>\n<p>[\/et_pb_blurb][et_pb_blurb title=&#8220;Akquisition und Integration&#8220; use_icon=&#8220;on&#8220; font_icon=&#8220;&#x4e;||divi||400&#8243; icon_color=&#8220;#EC6608&#8243; icon_placement=&#8220;left&#8220; content_max_width=&#8220;100%&#8220; _builder_version=&#8220;4.27.4&#8243; _module_preset=&#8220;default&#8220; header_line_height=&#8220;1.2em&#8220; module_alignment=&#8220;left&#8220; custom_margin=&#8220;5px||5px||true|false&#8220; custom_padding=&#8220;5px||5px||true|false&#8220; global_colors_info=&#8220;{}&#8220;]<\/p>\n<p>Pre- und Post-Akquisitions-Projekte (Sozialaudit, Sozialstrategie, Kommunikation\u2026)<\/p>\n<p>[\/et_pb_blurb][et_pb_blurb title=&#8220;Auslagerung einer Aktivit\u00e4t oder eines Standorts&#8220; use_icon=&#8220;on&#8220; font_icon=&#8220;&#x4e;||divi||400&#8243; icon_color=&#8220;#EC6608&#8243; icon_placement=&#8220;left&#8220; content_max_width=&#8220;100%&#8220; _builder_version=&#8220;4.27.4&#8243; _module_preset=&#8220;default&#8220; header_line_height=&#8220;1.2em&#8220; module_alignment=&#8220;left&#8220; custom_margin=&#8220;5px||5px||true|false&#8220; custom_padding=&#8220;5px||5px||true|false&#8220; global_colors_info=&#8220;{}&#8220;]<\/p>\n<p>Standort, der in der Wertsch\u00f6pfungskette des Unternehmens nicht mehr strategisch ist, Verkauf gem\u00e4\u00df L1224-1, defensiver Ansatz<\/p>\n<p>[\/et_pb_blurb][et_pb_blurb title=&#8220;Suche im Rahmen des Loi Florange&#8220; use_icon=&#8220;on&#8220; font_icon=&#8220;&#x4e;||divi||400&#8243; icon_color=&#8220;#EC6608&#8243; icon_placement=&#8220;left&#8220; content_max_width=&#8220;100%&#8220; _builder_version=&#8220;4.27.4&#8243; _module_preset=&#8220;default&#8220; header_line_height=&#8220;1.2em&#8220; module_alignment=&#8220;left&#8220; custom_margin=&#8220;5px||5px||true|false&#8220; custom_padding=&#8220;5px||5px||true|false&#8220; global_colors_info=&#8220;{}&#8220;]<\/p>\n<p>Suche nach alternativen L\u00f6sungen f\u00fcr ein Projekt zur Einstellung der Gesch\u00e4ftst\u00e4tigkeit oder Standortschlie\u00dfung (mehr als 130 Projekte) durch die Anbindung an wachsende ETI\/PME, Industrieholdings oder Beteiligungen von Unternehmern<\/p>\n<p>[\/et_pb_blurb][et_pb_blurb title=&#8220;Umnutzung von Verm\u00f6genswerten&#8220; use_icon=&#8220;on&#8220; font_icon=&#8220;&#x4e;||divi||400&#8243; icon_color=&#8220;#EC6608&#8243; icon_placement=&#8220;left&#8220; content_max_width=&#8220;100%&#8220; _builder_version=&#8220;4.27.4&#8243; _module_preset=&#8220;default&#8220; header_line_height=&#8220;1.2em&#8220; module_alignment=&#8220;left&#8220; custom_margin=&#8220;5px||5px||true|false&#8220; custom_padding=&#8220;5px||5px||true|false&#8220; global_colors_info=&#8220;{}&#8220;]<\/p>\n<p>Investorensuche f\u00fcr Fabriken, Lagerhallen, F&amp;E-Zentren ohne Fortf\u00fchrung der Gesch\u00e4ftst\u00e4tigkeit durch den Ver\u00e4u\u00dferer.<\/p>\n<p>[\/et_pb_blurb][\/et_pb_column][\/et_pb_row][et_pb_row _builder_version=&#8220;4.27.4&#8243; _module_preset=&#8220;default&#8220; global_colors_info=&#8220;{}&#8220;][et_pb_column type=&#8220;4_4&#8243; _builder_version=&#8220;4.27.4&#8243; _module_preset=&#8220;default&#8220; global_colors_info=&#8220;{}&#8220;][et_pb_divider color=&#8220;#EC6608&#8243; divider_weight=&#8220;2px&#8220; _builder_version=&#8220;4.27.4&#8243; _module_preset=&#8220;default&#8220; global_colors_info=&#8220;{}&#8220;][\/et_pb_divider][et_pb_text _builder_version=&#8220;4.27.4&#8243; _module_preset=&#8220;default&#8220; header_2_text_color=&#8220;#FB4F14&#8243; global_colors_info=&#8220;{}&#8220;]<\/p>\n<h2><span style=\"color: #ec6608;\">Unser internationales Netzwerk von M&amp;A-Spezialisten<\/span><\/h2>\n<p>[\/et_pb_text][et_pb_image src=&#8220;https:\/\/www.oneida-associes.com\/wp-content\/uploads\/MetA.png&#8220; title_text=&#8220;MetA&#8220; show_in_lightbox=&#8220;on&#8220; _builder_version=&#8220;4.27.4&#8243; _module_preset=&#8220;default&#8220; global_colors_info=&#8220;{}&#8220;][\/et_pb_image][\/et_pb_column][\/et_pb_row][\/et_pb_section][et_pb_section fb_built=&#8220;1&#8243; fullwidth=&#8220;on&#8220; _builder_version=&#8220;4.27.4&#8243; _module_preset=&#8220;default&#8220; locked=&#8220;off&#8220; global_colors_info=&#8220;{}&#8220;][et_pb_fullwidth_image src=&#8220;https:\/\/www.oneida-associes.com\/wp-content\/uploads\/ONEIDA_ASSOCIES-12-24-2000-36.png&#8220; title_text=&#8220;ONEIDA ASSOCIES 12 24 2000 36&#8243; _builder_version=&#8220;4.27.4&#8243; _module_preset=&#8220;default&#8220; global_colors_info=&#8220;{}&#8220;][\/et_pb_fullwidth_image][\/et_pb_section]<\/p>\n","protected":false},"excerpt":{"rendered":"<p>M&amp;A-L\u00d6SUNGEN IDENTIFIZIEREN Unsere Mission:Die Abteilung \u201eM&amp;A-L\u00f6sungen\u201c von Oneida Associ\u00e9s bietet ein integriertes M&amp;A-Beratungsangebot, das auf den anderen Fachkenntnissen der Kanzlei aufbaut (Sozialstrategie und -ingenieurwesen, sensible Kommunikation und Begleitung des Wandels). Ihre Teams arbeiten an Small- und Low-Mid-Cap-Transaktionen, zu Themen der externen Wachstumsstrategie, Finanzierung, Akquisitionsmandaten, Verkauf von Tochtergesellschaften oder Gesch\u00e4ftsbereichen, komplexen Carve-outs, Auslagerung und der Suche [&hellip;]<\/p>\n","protected":false},"author":1,"featured_media":0,"parent":0,"menu_order":0,"comment_status":"closed","ping_status":"closed","template":"","meta":{"_et_pb_use_builder":"on","_et_pb_old_content":"","_et_gb_content_width":"","footnotes":""},"categories":[],"tags":[],"class_list":["post-1246","page","type-page","status-publish","hentry"],"yoast_head":"<!-- This site is optimized with the Yoast SEO plugin v26.9 - https:\/\/yoast.com\/product\/yoast-seo-wordpress\/ -->\n<title>M&amp;A-L\u00f6sungen - Oneida Associ\u00e9s<\/title>\n<meta name=\"robots\" content=\"index, follow, max-snippet:-1, max-image-preview:large, max-video-preview:-1\" \/>\n<link rel=\"canonical\" href=\"https:\/\/www.oneida-associes.com\/de\/ma-loesungen\/\" \/>\n<meta property=\"og:locale\" content=\"de_DE\" \/>\n<meta property=\"og:type\" content=\"article\" \/>\n<meta property=\"og:title\" content=\"M&amp;A-L\u00f6sungen - Oneida Associ\u00e9s\" \/>\n<meta property=\"og:description\" content=\"M&amp;A-L\u00d6SUNGEN IDENTIFIZIEREN Unsere Mission:Die Abteilung \u201eM&amp;A-L\u00f6sungen\u201c von Oneida Associ\u00e9s bietet ein integriertes M&amp;A-Beratungsangebot, das auf den anderen Fachkenntnissen der Kanzlei aufbaut (Sozialstrategie und -ingenieurwesen, sensible Kommunikation und Begleitung des Wandels). Ihre Teams arbeiten an Small- und Low-Mid-Cap-Transaktionen, zu Themen der externen Wachstumsstrategie, Finanzierung, Akquisitionsmandaten, Verkauf von Tochtergesellschaften oder Gesch\u00e4ftsbereichen, komplexen Carve-outs, Auslagerung und der Suche [&hellip;]\" \/>\n<meta property=\"og:url\" content=\"https:\/\/www.oneida-associes.com\/de\/ma-loesungen\/\" \/>\n<meta property=\"og:site_name\" content=\"Oneida Associ\u00e9s\" \/>\n<meta property=\"article:modified_time\" content=\"2025-08-04T09:28:53+00:00\" \/>\n<meta name=\"twitter:card\" content=\"summary_large_image\" \/>\n<meta name=\"twitter:label1\" content=\"Gesch\u00e4tzte Lesezeit\" \/>\n\t<meta name=\"twitter:data1\" content=\"5\u00a0Minute\" \/>\n<script type=\"application\/ld+json\" class=\"yoast-schema-graph\">{\"@context\":\"https:\/\/schema.org\",\"@graph\":[{\"@type\":\"WebPage\",\"@id\":\"https:\/\/www.oneida-associes.com\/de\/ma-loesungen\/\",\"url\":\"https:\/\/www.oneida-associes.com\/de\/ma-loesungen\/\",\"name\":\"M&amp;A-L\u00f6sungen - Oneida Associ\u00e9s\",\"isPartOf\":{\"@id\":\"https:\/\/www.oneida-associes.com\/de\/#website\"},\"datePublished\":\"2025-05-19T07:32:35+00:00\",\"dateModified\":\"2025-08-04T09:28:53+00:00\",\"breadcrumb\":{\"@id\":\"https:\/\/www.oneida-associes.com\/de\/ma-loesungen\/#breadcrumb\"},\"inLanguage\":\"de\",\"potentialAction\":[{\"@type\":\"ReadAction\",\"target\":[\"https:\/\/www.oneida-associes.com\/de\/ma-loesungen\/\"]}]},{\"@type\":\"BreadcrumbList\",\"@id\":\"https:\/\/www.oneida-associes.com\/de\/ma-loesungen\/#breadcrumb\",\"itemListElement\":[{\"@type\":\"ListItem\",\"position\":1,\"name\":\"Accueil\",\"item\":\"https:\/\/www.oneida-associes.com\/de\/\"},{\"@type\":\"ListItem\",\"position\":2,\"name\":\"M&amp;A-L\u00f6sungen\"}]},{\"@type\":\"WebSite\",\"@id\":\"https:\/\/www.oneida-associes.com\/de\/#website\",\"url\":\"https:\/\/www.oneida-associes.com\/de\/\",\"name\":\"Oneida Associ\u00e9s\",\"description\":\"Accompagne vos projets de transformation\",\"potentialAction\":[{\"@type\":\"SearchAction\",\"target\":{\"@type\":\"EntryPoint\",\"urlTemplate\":\"https:\/\/www.oneida-associes.com\/de\/?s={search_term_string}\"},\"query-input\":{\"@type\":\"PropertyValueSpecification\",\"valueRequired\":true,\"valueName\":\"search_term_string\"}}],\"inLanguage\":\"de\"}]}<\/script>\n<!-- \/ Yoast SEO plugin. -->","yoast_head_json":{"title":"M&amp;A-L\u00f6sungen - Oneida Associ\u00e9s","robots":{"index":"index","follow":"follow","max-snippet":"max-snippet:-1","max-image-preview":"max-image-preview:large","max-video-preview":"max-video-preview:-1"},"canonical":"https:\/\/www.oneida-associes.com\/de\/ma-loesungen\/","og_locale":"de_DE","og_type":"article","og_title":"M&amp;A-L\u00f6sungen - Oneida Associ\u00e9s","og_description":"M&amp;A-L\u00d6SUNGEN IDENTIFIZIEREN Unsere Mission:Die Abteilung \u201eM&amp;A-L\u00f6sungen\u201c von Oneida Associ\u00e9s bietet ein integriertes M&amp;A-Beratungsangebot, das auf den anderen Fachkenntnissen der Kanzlei aufbaut (Sozialstrategie und -ingenieurwesen, sensible Kommunikation und Begleitung des Wandels). Ihre Teams arbeiten an Small- und Low-Mid-Cap-Transaktionen, zu Themen der externen Wachstumsstrategie, Finanzierung, Akquisitionsmandaten, Verkauf von Tochtergesellschaften oder Gesch\u00e4ftsbereichen, komplexen Carve-outs, Auslagerung und der Suche [&hellip;]","og_url":"https:\/\/www.oneida-associes.com\/de\/ma-loesungen\/","og_site_name":"Oneida Associ\u00e9s","article_modified_time":"2025-08-04T09:28:53+00:00","twitter_card":"summary_large_image","twitter_misc":{"Gesch\u00e4tzte Lesezeit":"5\u00a0Minute"},"schema":{"@context":"https:\/\/schema.org","@graph":[{"@type":"WebPage","@id":"https:\/\/www.oneida-associes.com\/de\/ma-loesungen\/","url":"https:\/\/www.oneida-associes.com\/de\/ma-loesungen\/","name":"M&amp;A-L\u00f6sungen - Oneida Associ\u00e9s","isPartOf":{"@id":"https:\/\/www.oneida-associes.com\/de\/#website"},"datePublished":"2025-05-19T07:32:35+00:00","dateModified":"2025-08-04T09:28:53+00:00","breadcrumb":{"@id":"https:\/\/www.oneida-associes.com\/de\/ma-loesungen\/#breadcrumb"},"inLanguage":"de","potentialAction":[{"@type":"ReadAction","target":["https:\/\/www.oneida-associes.com\/de\/ma-loesungen\/"]}]},{"@type":"BreadcrumbList","@id":"https:\/\/www.oneida-associes.com\/de\/ma-loesungen\/#breadcrumb","itemListElement":[{"@type":"ListItem","position":1,"name":"Accueil","item":"https:\/\/www.oneida-associes.com\/de\/"},{"@type":"ListItem","position":2,"name":"M&amp;A-L\u00f6sungen"}]},{"@type":"WebSite","@id":"https:\/\/www.oneida-associes.com\/de\/#website","url":"https:\/\/www.oneida-associes.com\/de\/","name":"Oneida Associ\u00e9s","description":"Accompagne vos projets de transformation","potentialAction":[{"@type":"SearchAction","target":{"@type":"EntryPoint","urlTemplate":"https:\/\/www.oneida-associes.com\/de\/?s={search_term_string}"},"query-input":{"@type":"PropertyValueSpecification","valueRequired":true,"valueName":"search_term_string"}}],"inLanguage":"de"}]}},"_links":{"self":[{"href":"https:\/\/www.oneida-associes.com\/de\/wp-json\/wp\/v2\/pages\/1246","targetHints":{"allow":["GET"]}}],"collection":[{"href":"https:\/\/www.oneida-associes.com\/de\/wp-json\/wp\/v2\/pages"}],"about":[{"href":"https:\/\/www.oneida-associes.com\/de\/wp-json\/wp\/v2\/types\/page"}],"author":[{"embeddable":true,"href":"https:\/\/www.oneida-associes.com\/de\/wp-json\/wp\/v2\/users\/1"}],"replies":[{"embeddable":true,"href":"https:\/\/www.oneida-associes.com\/de\/wp-json\/wp\/v2\/comments?post=1246"}],"version-history":[{"count":2,"href":"https:\/\/www.oneida-associes.com\/de\/wp-json\/wp\/v2\/pages\/1246\/revisions"}],"predecessor-version":[{"id":1248,"href":"https:\/\/www.oneida-associes.com\/de\/wp-json\/wp\/v2\/pages\/1246\/revisions\/1248"}],"wp:attachment":[{"href":"https:\/\/www.oneida-associes.com\/de\/wp-json\/wp\/v2\/media?parent=1246"}],"wp:term":[{"taxonomy":"category","embeddable":true,"href":"https:\/\/www.oneida-associes.com\/de\/wp-json\/wp\/v2\/categories?post=1246"},{"taxonomy":"post_tag","embeddable":true,"href":"https:\/\/www.oneida-associes.com\/de\/wp-json\/wp\/v2\/tags?post=1246"}],"curies":[{"name":"wp","href":"https:\/\/api.w.org\/{rel}","templated":true}]}}