{"id":1251,"date":"2025-05-19T09:31:37","date_gmt":"2025-05-19T07:31:37","guid":{"rendered":"https:\/\/www.oneida-associes.com\/sozial-sensible-transformationen\/"},"modified":"2025-09-08T11:21:32","modified_gmt":"2025-09-08T09:21:32","slug":"sozial-sensible-transformationen","status":"publish","type":"page","link":"https:\/\/www.oneida-associes.com\/de\/sozial-sensible-transformationen\/","title":{"rendered":"Sozial sensible Transformationen"},"content":{"rendered":"<p>[et_pb_section fb_built=&#8220;1&#8243; _builder_version=&#8220;4.27.4&#8243; _module_preset=&#8220;default&#8220; background_image=&#8220;https:\/\/www.oneida-associes.com\/wp-content\/uploads\/V3-accompagner.png&#8220; global_colors_info=&#8220;{}&#8220;][et_pb_row _builder_version=&#8220;4.27.4&#8243; _module_preset=&#8220;default&#8220; global_colors_info=&#8220;{}&#8220;][et_pb_column type=&#8220;4_4&#8243; _builder_version=&#8220;4.27.4&#8243; _module_preset=&#8220;default&#8220; global_colors_info=&#8220;{}&#8220;][et_pb_text _builder_version=&#8220;4.27.4&#8243; _module_preset=&#8220;default&#8220; global_colors_info=&#8220;{}&#8220;]<\/p>\n<h1><strong style=\"color: #ffffff; font-size: xx-large;\"><\/strong><\/h1>\n<p><strong style=\"color: #ffffff; font-size: xx-large;\"><\/strong><\/p>\n<h1><strong style=\"color: #ffffff; font-size: xx-large;\"><\/strong><\/h1>\n<h1><strong style=\"color: #ffffff; font-size: xx-large;\"><\/strong><\/h1>\n<h1><strong style=\"color: #ffffff; font-size: xx-large;\">BEGLEITUNG IHRER PROJEKTE<\/strong><\/h1>\n<h1><span style=\"color: #ffffff; font-size: xx-large;\"><strong>F\u00dcR TRANSFORMATIONEN <\/strong><\/span><\/h1>\n<h1><span style=\"font-size: xx-large;\"><strong style=\"color: #ffffff;\">SOZIAL SENSIBEL<\/strong><\/span><span style=\"color: #ffffff;\"><\/span><\/h1>\n<p><span style=\"color: #ffffff;\"><strong><\/strong><\/span><\/p>\n<p><span style=\"color: #ffffff;\"><strong><\/strong><\/span><\/p>\n<p><span style=\"color: #ffffff;\"><strong><\/strong><\/span><\/p>\n<p><span style=\"color: #ffffff;\"><strong><\/strong><\/span><\/p>\n<p><span style=\"color: #ffffff;\"><strong><\/strong><\/span><\/p>\n<p>[\/et_pb_text][\/et_pb_column][\/et_pb_row][\/et_pb_section][et_pb_section fb_built=&#8220;1&#8243; disabled_on=&#8220;off|off|off&#8220; _builder_version=&#8220;4.27.4&#8243; _module_preset=&#8220;default&#8220; background_color=&#8220;#F0F3F2&#8243; top_divider_color=&#8220;#FB4F14&#8243; top_divider_height=&#8220;2px&#8220; bottom_divider_style=&#8220;slant2&#8243; bottom_divider_color=&#8220;#EC6608&#8243; bottom_divider_height=&#8220;25px&#8220; global_colors_info=&#8220;{}&#8220;][et_pb_row disabled_on=&#8220;off|off|off&#8220; _builder_version=&#8220;4.27.4&#8243; _module_preset=&#8220;default&#8220; global_colors_info=&#8220;{}&#8220;][et_pb_column type=&#8220;4_4&#8243; _builder_version=&#8220;4.27.4&#8243; _module_preset=&#8220;default&#8220; global_colors_info=&#8220;{}&#8220;][et_pb_text content_tablet=&#8220;<\/p>\n<h3><span style=%22color: #ec6608;%22>Die Projekte, an denen wir beteiligt sind, haben eine starke soziale Komponente, f\u00fchren oft zu Stellenstreichungen und erfordern ein hohes Ma\u00df an sozialem Dialog.<\/span><\/h3>\n<p>&#8220; content_last_edited=&#8220;off|tablet&#8220; _builder_version=&#8220;4.27.4&#8243; _module_preset=&#8220;default&#8220; header_3_text_color=&#8220;#FB4F14&#8243; header_3_font_size=&#8220;26px&#8220; header_3_line_height=&#8220;30px&#8220; hover_enabled=&#8220;0&#8243; header_3_font_size_tablet=&#8220;20px&#8220; header_3_font_size_phone=&#8220;20px&#8220; header_3_font_size_last_edited=&#8220;on|tablet&#8220; global_colors_info=&#8220;{}&#8220; sticky_enabled=&#8220;0&#8243;]<\/p>\n<h3><span style=\"color: #ec6608;\">Die Projekte, an denen wir arbeiten, haben eine starke soziale Komponente, f\u00fchren oft zu Arbeitsplatzverlusten und erfordern ein hohes Ma\u00df an sozialem Dialog.<\/span><\/h3>\n<p>[\/et_pb_text][\/et_pb_column][\/et_pb_row][et_pb_row _builder_version=&#8220;4.27.4&#8243; _module_preset=&#8220;default&#8220; custom_padding=&#8220;5px||5px||true|false&#8220; global_colors_info=&#8220;{}&#8220;][et_pb_column type=&#8220;4_4&#8243; _builder_version=&#8220;4.27.4&#8243; _module_preset=&#8220;default&#8220; global_colors_info=&#8220;{}&#8220;][et_pb_blurb title=&#8220;Bewertung der mit dem Projekt verbundenen wirtschaftlichen, politischen und sozialen Risiken,&#8220; use_icon=&#8220;on&#8220; font_icon=&#8220;&#x4e;||divi||400&#8243; icon_color=&#8220;#EC6608&#8243; icon_placement=&#8220;left&#8220; content_max_width=&#8220;100%&#8220; _builder_version=&#8220;4.27.4&#8243; _module_preset=&#8220;default&#8220; header_line_height=&#8220;1.2em&#8220; module_alignment=&#8220;left&#8220; custom_margin=&#8220;5px||5px||true|false&#8220; custom_padding=&#8220;5px||5px||true|false&#8220; global_colors_info=&#8220;{}&#8220;][\/et_pb_blurb][et_pb_blurb title=&#8220;Vorschlag operativer L\u00f6sungen zur Risikokontrolle,&#8220; use_icon=&#8220;on&#8220; font_icon=&#8220;&#x4e;||divi||400&#8243; icon_color=&#8220;#EC6608&#8243; icon_placement=&#8220;left&#8220; content_max_width=&#8220;100%&#8220; _builder_version=&#8220;4.27.4&#8243; _module_preset=&#8220;default&#8220; header_line_height=&#8220;1.2em&#8220; module_alignment=&#8220;left&#8220; custom_margin=&#8220;5px||5px||true|false&#8220; custom_padding=&#8220;5px||5px||true|false&#8220; global_colors_info=&#8220;{}&#8220;][\/et_pb_blurb][et_pb_blurb title=&#8220;Gesamtfahrplan des Projekts, Szenarien und Umsetzungszeitplan,&#8220; use_icon=&#8220;on&#8220; font_icon=&#8220;&#x4e;||divi||400&#8243; icon_color=&#8220;#EC6608&#8243; icon_placement=&#8220;left&#8220; content_max_width=&#8220;100%&#8220; _builder_version=&#8220;4.27.4&#8243; _module_preset=&#8220;default&#8220; header_line_height=&#8220;1.2em&#8220; module_alignment=&#8220;left&#8220; custom_margin=&#8220;5px||5px||true|false&#8220; custom_padding=&#8220;5px||5px||true|false&#8220; global_colors_info=&#8220;{}&#8220;][\/et_pb_blurb][et_pb_blurb title=&#8220;Strategie f\u00fcr soziale Verhandlungen,&#8220; use_icon=&#8220;on&#8220; font_icon=&#8220;&#x4e;||divi||400&#8243; icon_color=&#8220;#EC6608&#8243; icon_placement=&#8220;left&#8220; content_max_width=&#8220;100%&#8220; _builder_version=&#8220;4.27.4&#8243; _module_preset=&#8220;default&#8220; header_line_height=&#8220;1.2em&#8220; module_alignment=&#8220;left&#8220; custom_margin=&#8220;5px||5px||true|false&#8220; custom_padding=&#8220;3px||3px||true|false&#8220; global_colors_info=&#8220;{}&#8220;][\/et_pb_blurb][et_pb_blurb title=&#8220;Erstellung der erforderlichen Dokumente im Rahmen der Konsultationsverfahren (Europ\u00e4ischer Betriebsrat, Sozial- und Wirtschaftsausschuss, Betriebsrat, CHSCT, CSE usw.),&#8220; use_icon=&#8220;on&#8220; font_icon=&#8220;&#x4e;||divi||400&#8243; icon_color=&#8220;#EC6608&#8243; icon_placement=&#8220;left&#8220; content_max_width=&#8220;100%&#8220; _builder_version=&#8220;4.27.4&#8243; _module_preset=&#8220;default&#8220; header_line_height=&#8220;1.2em&#8220; module_alignment=&#8220;left&#8220; custom_margin=&#8220;5px||5px||true|false&#8220; custom_padding=&#8220;5px||5px||true|false&#8220; global_colors_info=&#8220;{}&#8220;][\/et_pb_blurb][\/et_pb_column][\/et_pb_row][\/et_pb_section][et_pb_section fb_built=&#8220;1&#8243; _builder_version=&#8220;4.27.4&#8243; _module_preset=&#8220;default&#8220; background_color=&#8220;#F0F3F2&#8243; top_divider_style=&#8220;slant2&#8243; top_divider_color=&#8220;#FB4F14&#8243; top_divider_height=&#8220;25px&#8220; global_colors_info=&#8220;{}&#8220;][et_pb_row _builder_version=&#8220;4.27.4&#8243; _module_preset=&#8220;default&#8220; global_colors_info=&#8220;{}&#8220;][et_pb_column type=&#8220;4_4&#8243; _builder_version=&#8220;4.27.4&#8243; _module_preset=&#8220;default&#8220; global_colors_info=&#8220;{}&#8220;][et_pb_text _builder_version=&#8220;4.27.4&#8243; _module_preset=&#8220;default&#8220; header_2_text_color=&#8220;#FB4F14&#8243; global_colors_info=&#8220;{}&#8220;]<\/p>\n<h2><span style=\"color: #ec6608;\">Wir bieten unsere Expertise f\u00fcr:<\/span><\/h2>\n<p>[\/et_pb_text][et_pb_blurb title=&#8220;Steuerung und Koordination der Vorbereitung und Durchf\u00fchrung des Projekts sicherstellen&#8220; use_icon=&#8220;on&#8220; font_icon=&#8220;&#x4e;||divi||400&#8243; icon_color=&#8220;#EC6608&#8243; icon_placement=&#8220;left&#8220; content_max_width=&#8220;100%&#8220; _builder_version=&#8220;4.27.4&#8243; _module_preset=&#8220;default&#8220; header_line_height=&#8220;1.2em&#8220; module_alignment=&#8220;left&#8220; custom_margin=&#8220;5px||5px||true|false&#8220; custom_padding=&#8220;5px||5px||true|false&#8220; global_colors_info=&#8220;{}&#8220;][\/et_pb_blurb][et_pb_blurb title=&#8220;Risikoanalysen (wirtschaftliche und operative, soziale, reputationsbezogene usw.) durchf\u00fchren und den relevantesten Umsetzungsprozess definieren&#8220; use_icon=&#8220;on&#8220; font_icon=&#8220;&#x4e;||divi||400&#8243; icon_color=&#8220;#EC6608&#8243; icon_placement=&#8220;left&#8220; content_max_width=&#8220;100%&#8220; _builder_version=&#8220;4.27.4&#8243; _module_preset=&#8220;default&#8220; header_line_height=&#8220;1.2em&#8220; module_alignment=&#8220;left&#8220; custom_margin=&#8220;5px||5px||true|false&#8220; custom_padding=&#8220;5px||5px||true|false&#8220; global_colors_info=&#8220;{}&#8220;][\/et_pb_blurb][et_pb_blurb title=&#8220;Die soziale Strategie entwerfen, die an die Ziele und Einschr\u00e4nkungen angepasst ist &#8220; use_icon=&#8220;on&#8220; font_icon=&#8220;&#x4e;||divi||400&#8243; icon_color=&#8220;#EC6608&#8243; icon_placement=&#8220;left&#8220; content_max_width=&#8220;100%&#8220; _builder_version=&#8220;4.27.4&#8243; _module_preset=&#8220;default&#8220; header_line_height=&#8220;1.2em&#8220; module_alignment=&#8220;left&#8220; custom_margin=&#8220;5px||5px||true|false&#8220; custom_padding=&#8220;5px||5px||true|false&#8220; global_colors_info=&#8220;{}&#8220;][\/et_pb_blurb][et_pb_blurb title=&#8220;Informationsdokumente f\u00fcr Sozialpartner verfassen&#8220; use_icon=&#8220;on&#8220; font_icon=&#8220;&#x4e;||divi||400&#8243; icon_color=&#8220;#EC6608&#8243; icon_placement=&#8220;left&#8220; content_max_width=&#8220;100%&#8220; _builder_version=&#8220;4.27.4&#8243; _module_preset=&#8220;default&#8220; header_line_height=&#8220;1.2em&#8220; module_alignment=&#8220;left&#8220; custom_margin=&#8220;5px||5px||true|false&#8220; custom_padding=&#8220;5px||5px||true|false&#8220; global_colors_info=&#8220;{}&#8220;][\/et_pb_blurb][et_pb_blurb title=&#8220;Kommunikationsstrategie und -plan entwickeln &#8220; use_icon=&#8220;on&#8220; font_icon=&#8220;&#x4e;||divi||400&#8243; icon_color=&#8220;#EC6608&#8243; icon_placement=&#8220;left&#8220; content_max_width=&#8220;100%&#8220; _builder_version=&#8220;4.27.4&#8243; _module_preset=&#8220;default&#8220; header_line_height=&#8220;1.2em&#8220; module_alignment=&#8220;left&#8220; custom_margin=&#8220;5px||5px||true|false&#8220; custom_padding=&#8220;5px||5px||true|false&#8220; global_colors_info=&#8220;{}&#8220;][\/et_pb_blurb][et_pb_blurb title=&#8220;Beratung w\u00e4hrend der gesamten Informations-\/Konsultationsverfahren&#8220; use_icon=&#8220;on&#8220; font_icon=&#8220;&#x4e;||divi||400&#8243; icon_color=&#8220;#EC6608&#8243; icon_placement=&#8220;left&#8220; content_max_width=&#8220;100%&#8220; _builder_version=&#8220;4.27.4&#8243; _module_preset=&#8220;default&#8220; header_line_height=&#8220;1.2em&#8220; module_alignment=&#8220;left&#8220; custom_margin=&#8220;5px||5px||true|false&#8220; custom_padding=&#8220;5px||5px||true|false&#8220; global_colors_info=&#8220;{}&#8220;][\/et_pb_blurb][\/et_pb_column][\/et_pb_row][et_pb_row _builder_version=&#8220;4.27.4&#8243; _module_preset=&#8220;default&#8220; global_colors_info=&#8220;{}&#8220;][et_pb_column type=&#8220;4_4&#8243; _builder_version=&#8220;4.27.4&#8243; _module_preset=&#8220;default&#8220; global_colors_info=&#8220;{}&#8220;][et_pb_divider _builder_version=&#8220;4.27.4&#8243; _module_preset=&#8220;default&#8220; global_colors_info=&#8220;{}&#8220;][\/et_pb_divider][\/et_pb_column][\/et_pb_row][\/et_pb_section][et_pb_section fb_built=&#8220;1&#8243; fullwidth=&#8220;on&#8220; _builder_version=&#8220;4.27.4&#8243; _module_preset=&#8220;default&#8220; locked=&#8220;off&#8220; global_colors_info=&#8220;{}&#8220;][et_pb_fullwidth_image src=&#8220;https:\/\/www.oneida-associes.com\/wp-content\/uploads\/ONEIDA_ASSOCIES-12-24-2000-19.png&#8220; title_text=&#8220;ONEIDA ASSOCIES 12 24 2000 19&#8243; _builder_version=&#8220;4.27.4&#8243; _module_preset=&#8220;default&#8220; global_colors_info=&#8220;{}&#8220;][\/et_pb_fullwidth_image][\/et_pb_section]<\/p>\n","protected":false},"excerpt":{"rendered":"<p>BEGLEITUNG IHRER PROJEKTE F\u00dcR TRANSFORMATIONEN SOZIAL SENSIBEL Die Projekte, an denen wir arbeiten, haben eine starke soziale Komponente, f\u00fchren oft zu Arbeitsplatzverlusten und erfordern ein hohes Ma\u00df an sozialem Dialog.Wir bieten unsere Expertise f\u00fcr:<\/p>\n","protected":false},"author":1,"featured_media":0,"parent":0,"menu_order":0,"comment_status":"closed","ping_status":"closed","template":"","meta":{"_et_pb_use_builder":"on","_et_pb_old_content":"","_et_gb_content_width":"","footnotes":""},"categories":[],"tags":[],"class_list":["post-1251","page","type-page","status-publish","hentry"],"yoast_head":"<!-- This site is optimized with the Yoast SEO plugin v26.9 - https:\/\/yoast.com\/product\/yoast-seo-wordpress\/ -->\n<title>Sozial sensible Transformationen - Oneida Associ\u00e9s<\/title>\n<meta name=\"robots\" content=\"index, follow, max-snippet:-1, max-image-preview:large, max-video-preview:-1\" \/>\n<link rel=\"canonical\" href=\"https:\/\/www.oneida-associes.com\/de\/sozial-sensible-transformationen\/\" \/>\n<meta property=\"og:locale\" content=\"de_DE\" \/>\n<meta property=\"og:type\" content=\"article\" \/>\n<meta property=\"og:title\" content=\"Sozial sensible Transformationen - Oneida Associ\u00e9s\" \/>\n<meta property=\"og:description\" content=\"BEGLEITUNG IHRER PROJEKTE F\u00dcR TRANSFORMATIONEN SOZIAL SENSIBEL Die Projekte, an denen wir arbeiten, haben eine starke soziale Komponente, f\u00fchren oft zu Arbeitsplatzverlusten und erfordern ein hohes Ma\u00df an sozialem Dialog.Wir bieten unsere Expertise f\u00fcr:\" \/>\n<meta property=\"og:url\" content=\"https:\/\/www.oneida-associes.com\/de\/sozial-sensible-transformationen\/\" \/>\n<meta property=\"og:site_name\" content=\"Oneida Associ\u00e9s\" \/>\n<meta property=\"article:modified_time\" content=\"2025-09-08T09:21:32+00:00\" \/>\n<meta name=\"twitter:card\" content=\"summary_large_image\" \/>\n<meta name=\"twitter:label1\" content=\"Gesch\u00e4tzte Lesezeit\" \/>\n\t<meta name=\"twitter:data1\" content=\"1\u00a0Minute\" \/>\n<script type=\"application\/ld+json\" class=\"yoast-schema-graph\">{\"@context\":\"https:\/\/schema.org\",\"@graph\":[{\"@type\":\"WebPage\",\"@id\":\"https:\/\/www.oneida-associes.com\/de\/sozial-sensible-transformationen\/\",\"url\":\"https:\/\/www.oneida-associes.com\/de\/sozial-sensible-transformationen\/\",\"name\":\"Sozial sensible Transformationen - Oneida Associ\u00e9s\",\"isPartOf\":{\"@id\":\"https:\/\/www.oneida-associes.com\/de\/#website\"},\"datePublished\":\"2025-05-19T07:31:37+00:00\",\"dateModified\":\"2025-09-08T09:21:32+00:00\",\"breadcrumb\":{\"@id\":\"https:\/\/www.oneida-associes.com\/de\/sozial-sensible-transformationen\/#breadcrumb\"},\"inLanguage\":\"de\",\"potentialAction\":[{\"@type\":\"ReadAction\",\"target\":[\"https:\/\/www.oneida-associes.com\/de\/sozial-sensible-transformationen\/\"]}]},{\"@type\":\"BreadcrumbList\",\"@id\":\"https:\/\/www.oneida-associes.com\/de\/sozial-sensible-transformationen\/#breadcrumb\",\"itemListElement\":[{\"@type\":\"ListItem\",\"position\":1,\"name\":\"Accueil\",\"item\":\"https:\/\/www.oneida-associes.com\/de\/\"},{\"@type\":\"ListItem\",\"position\":2,\"name\":\"Sozial sensible Transformationen\"}]},{\"@type\":\"WebSite\",\"@id\":\"https:\/\/www.oneida-associes.com\/de\/#website\",\"url\":\"https:\/\/www.oneida-associes.com\/de\/\",\"name\":\"Oneida Associ\u00e9s\",\"description\":\"Accompagne vos projets de transformation\",\"potentialAction\":[{\"@type\":\"SearchAction\",\"target\":{\"@type\":\"EntryPoint\",\"urlTemplate\":\"https:\/\/www.oneida-associes.com\/de\/?s={search_term_string}\"},\"query-input\":{\"@type\":\"PropertyValueSpecification\",\"valueRequired\":true,\"valueName\":\"search_term_string\"}}],\"inLanguage\":\"de\"}]}<\/script>\n<!-- \/ Yoast SEO plugin. -->","yoast_head_json":{"title":"Sozial sensible Transformationen - Oneida Associ\u00e9s","robots":{"index":"index","follow":"follow","max-snippet":"max-snippet:-1","max-image-preview":"max-image-preview:large","max-video-preview":"max-video-preview:-1"},"canonical":"https:\/\/www.oneida-associes.com\/de\/sozial-sensible-transformationen\/","og_locale":"de_DE","og_type":"article","og_title":"Sozial sensible Transformationen - Oneida Associ\u00e9s","og_description":"BEGLEITUNG IHRER PROJEKTE F\u00dcR TRANSFORMATIONEN SOZIAL SENSIBEL Die Projekte, an denen wir arbeiten, haben eine starke soziale Komponente, f\u00fchren oft zu Arbeitsplatzverlusten und erfordern ein hohes Ma\u00df an sozialem Dialog.Wir bieten unsere Expertise f\u00fcr:","og_url":"https:\/\/www.oneida-associes.com\/de\/sozial-sensible-transformationen\/","og_site_name":"Oneida Associ\u00e9s","article_modified_time":"2025-09-08T09:21:32+00:00","twitter_card":"summary_large_image","twitter_misc":{"Gesch\u00e4tzte Lesezeit":"1\u00a0Minute"},"schema":{"@context":"https:\/\/schema.org","@graph":[{"@type":"WebPage","@id":"https:\/\/www.oneida-associes.com\/de\/sozial-sensible-transformationen\/","url":"https:\/\/www.oneida-associes.com\/de\/sozial-sensible-transformationen\/","name":"Sozial sensible Transformationen - Oneida Associ\u00e9s","isPartOf":{"@id":"https:\/\/www.oneida-associes.com\/de\/#website"},"datePublished":"2025-05-19T07:31:37+00:00","dateModified":"2025-09-08T09:21:32+00:00","breadcrumb":{"@id":"https:\/\/www.oneida-associes.com\/de\/sozial-sensible-transformationen\/#breadcrumb"},"inLanguage":"de","potentialAction":[{"@type":"ReadAction","target":["https:\/\/www.oneida-associes.com\/de\/sozial-sensible-transformationen\/"]}]},{"@type":"BreadcrumbList","@id":"https:\/\/www.oneida-associes.com\/de\/sozial-sensible-transformationen\/#breadcrumb","itemListElement":[{"@type":"ListItem","position":1,"name":"Accueil","item":"https:\/\/www.oneida-associes.com\/de\/"},{"@type":"ListItem","position":2,"name":"Sozial sensible Transformationen"}]},{"@type":"WebSite","@id":"https:\/\/www.oneida-associes.com\/de\/#website","url":"https:\/\/www.oneida-associes.com\/de\/","name":"Oneida Associ\u00e9s","description":"Accompagne vos projets de transformation","potentialAction":[{"@type":"SearchAction","target":{"@type":"EntryPoint","urlTemplate":"https:\/\/www.oneida-associes.com\/de\/?s={search_term_string}"},"query-input":{"@type":"PropertyValueSpecification","valueRequired":true,"valueName":"search_term_string"}}],"inLanguage":"de"}]}},"_links":{"self":[{"href":"https:\/\/www.oneida-associes.com\/de\/wp-json\/wp\/v2\/pages\/1251","targetHints":{"allow":["GET"]}}],"collection":[{"href":"https:\/\/www.oneida-associes.com\/de\/wp-json\/wp\/v2\/pages"}],"about":[{"href":"https:\/\/www.oneida-associes.com\/de\/wp-json\/wp\/v2\/types\/page"}],"author":[{"embeddable":true,"href":"https:\/\/www.oneida-associes.com\/de\/wp-json\/wp\/v2\/users\/1"}],"replies":[{"embeddable":true,"href":"https:\/\/www.oneida-associes.com\/de\/wp-json\/wp\/v2\/comments?post=1251"}],"version-history":[{"count":5,"href":"https:\/\/www.oneida-associes.com\/de\/wp-json\/wp\/v2\/pages\/1251\/revisions"}],"predecessor-version":[{"id":1692,"href":"https:\/\/www.oneida-associes.com\/de\/wp-json\/wp\/v2\/pages\/1251\/revisions\/1692"}],"wp:attachment":[{"href":"https:\/\/www.oneida-associes.com\/de\/wp-json\/wp\/v2\/media?parent=1251"}],"wp:term":[{"taxonomy":"category","embeddable":true,"href":"https:\/\/www.oneida-associes.com\/de\/wp-json\/wp\/v2\/categories?post=1251"},{"taxonomy":"post_tag","embeddable":true,"href":"https:\/\/www.oneida-associes.com\/de\/wp-json\/wp\/v2\/tags?post=1251"}],"curies":[{"name":"wp","href":"https:\/\/api.w.org\/{rel}","templated":true}]}}