{"id":1255,"date":"2025-05-20T17:35:10","date_gmt":"2025-05-20T15:35:10","guid":{"rendered":"https:\/\/www.oneida-associes.com\/transaktionen\/"},"modified":"2025-11-13T18:23:44","modified_gmt":"2025-11-13T17:23:44","slug":"transaktionsloesungen-ma","status":"publish","type":"page","link":"https:\/\/www.oneida-associes.com\/de\/transaktionsloesungen-ma\/","title":{"rendered":"Transaktionen L\u00f6sungen M&amp;A"},"content":{"rendered":"<p>[et_pb_section fb_built=&#8220;1&#8243; _builder_version=&#8220;4.27.4&#8243; _module_preset=&#8220;default&#8220; background_color=&#8220;#F0F3F2&#8243; global_colors_info=&#8220;{}&#8220;][et_pb_row _builder_version=&#8220;4.27.4&#8243; _module_preset=&#8220;default&#8220; custom_margin=&#8220;25px||5px||false|false&#8220; custom_padding=&#8220;5px||5px||true|false&#8220; locked=&#8220;off&#8220; global_colors_info=&#8220;{}&#8220;][et_pb_column type=&#8220;4_4&#8243; _builder_version=&#8220;4.27.4&#8243; _module_preset=&#8220;default&#8220; global_colors_info=&#8220;{}&#8220;][et_pb_text _builder_version=&#8220;4.27.4&#8243; _module_preset=&#8220;default&#8220; header_2_text_align=&#8220;center&#8220; header_2_text_color=&#8220;#FB4F14&#8243; header_2_font_size=&#8220;36px&#8220; custom_margin=&#8220;5px||5px||true|false&#8220; custom_padding=&#8220;5px||5px||true|false&#8220; global_colors_info=&#8220;{}&#8220;]<\/p>\n<h2><span style=\"color: #ec6608;\"><strong>Transaktionen L\u00f6sungen M&amp;A<\/strong><\/span><\/h2>\n<p>[\/et_pb_text][et_pb_divider color=&#8220;#EC6608&#8243; divider_weight=&#8220;4px&#8220; _builder_version=&#8220;4.27.4&#8243; _module_preset=&#8220;default&#8220; width=&#8220;200px&#8220; max_width=&#8220;200px&#8220; module_alignment=&#8220;center&#8220; custom_margin=&#8220;5px||5px||true|false&#8220; custom_padding=&#8220;5px||5px||true|false&#8220; global_colors_info=&#8220;{}&#8220;][\/et_pb_divider][\/et_pb_column][\/et_pb_row][\/et_pb_section][et_pb_section fb_built=&#8220;1&#8243; _builder_version=&#8220;4.27.4&#8243; _module_preset=&#8220;default&#8220; global_colors_info=&#8220;{}&#8220;][et_pb_row column_structure=&#8220;1_4,1_4,1_4,1_4&#8243; _builder_version=&#8220;4.27.4&#8243; _module_preset=&#8220;default&#8220; global_colors_info=&#8220;{}&#8220;][et_pb_column type=&#8220;1_4&#8243; _builder_version=&#8220;4.27.4&#8243; _module_preset=&#8220;default&#8220; global_colors_info=&#8220;{}&#8220;][dipl_image_card hide_title=&#8220;on&#8220; image=&#8220;https:\/\/www.oneida-associes.com\/wp-content\/uploads\/EUROFOIL.png&#8220; _builder_version=&#8220;4.27.4&#8243; _module_preset=&#8220;default&#8220; border_width_all=&#8220;8px&#8220; border_color_all=&#8220;#ec6608&#8243; global_colors_info=&#8220;{}&#8220;][\/dipl_image_card][\/et_pb_column][et_pb_column type=&#8220;1_4&#8243; _builder_version=&#8220;4.27.4&#8243; _module_preset=&#8220;default&#8220; global_colors_info=&#8220;{}&#8220;][dipl_image_card hide_title=&#8220;on&#8220; image=&#8220;https:\/\/www.oneida-associes.com\/wp-content\/uploads\/MADENR.png&#8220; _builder_version=&#8220;4.27.4&#8243; _module_preset=&#8220;default&#8220; border_width_all=&#8220;8px&#8220; border_color_all=&#8220;#ec6608&#8243; global_colors_info=&#8220;{}&#8220;][\/dipl_image_card][\/et_pb_column][et_pb_column type=&#8220;1_4&#8243; _builder_version=&#8220;4.27.4&#8243; _module_preset=&#8220;default&#8220; global_colors_info=&#8220;{}&#8220;][dipl_image_card hide_title=&#8220;on&#8220; image=&#8220;https:\/\/www.oneida-associes.com\/wp-content\/uploads\/FDB.png&#8220; _builder_version=&#8220;4.27.4&#8243; _module_preset=&#8220;default&#8220; border_width_all=&#8220;8px&#8220; border_color_all=&#8220;#ec6608&#8243; global_colors_info=&#8220;{}&#8220;][\/dipl_image_card][\/et_pb_column][et_pb_column type=&#8220;1_4&#8243; _builder_version=&#8220;4.27.4&#8243; _module_preset=&#8220;default&#8220; global_colors_info=&#8220;{}&#8220;][dipl_image_card hide_title=&#8220;on&#8220; image=&#8220;https:\/\/www.oneida-associes.com\/wp-content\/uploads\/KOMORI-2.png&#8220; _builder_version=&#8220;4.27.4&#8243; _module_preset=&#8220;default&#8220; border_width_all=&#8220;8px&#8220; border_color_all=&#8220;#ec6608&#8243; global_colors_info=&#8220;{}&#8220;][\/dipl_image_card][\/et_pb_column][\/et_pb_row][et_pb_row column_structure=&#8220;1_4,1_4,1_4,1_4&#8243; _builder_version=&#8220;4.27.4&#8243; _module_preset=&#8220;default&#8220; global_colors_info=&#8220;{}&#8220;][et_pb_column type=&#8220;1_4&#8243; _builder_version=&#8220;4.27.4&#8243; _module_preset=&#8220;default&#8220; global_colors_info=&#8220;{}&#8220;][dipl_image_card hide_title=&#8220;on&#8220; image=&#8220;https:\/\/www.oneida-associes.com\/wp-content\/uploads\/WALOR.png&#8220; _builder_version=&#8220;4.27.4&#8243; _module_preset=&#8220;default&#8220; border_width_all=&#8220;8px&#8220; border_color_all=&#8220;#ec6608&#8243; global_colors_info=&#8220;{}&#8220;][\/dipl_image_card][\/et_pb_column][et_pb_column type=&#8220;1_4&#8243; _builder_version=&#8220;4.27.4&#8243; _module_preset=&#8220;default&#8220; global_colors_info=&#8220;{}&#8220;][dipl_image_card hide_title=&#8220;on&#8220; image=&#8220;https:\/\/www.oneida-associes.com\/wp-content\/uploads\/FICA.png&#8220; _builder_version=&#8220;4.27.4&#8243; _module_preset=&#8220;default&#8220; border_width_all=&#8220;8px&#8220; border_color_all=&#8220;#ec6608&#8243; global_colors_info=&#8220;{}&#8220;][\/dipl_image_card][\/et_pb_column][et_pb_column type=&#8220;1_4&#8243; _builder_version=&#8220;4.27.4&#8243; _module_preset=&#8220;default&#8220; global_colors_info=&#8220;{}&#8220;][dipl_image_card hide_title=&#8220;on&#8220; image=&#8220;https:\/\/www.oneida-associes.com\/wp-content\/uploads\/CYBERGUN.png&#8220; _builder_version=&#8220;4.27.4&#8243; _module_preset=&#8220;default&#8220; border_width_all=&#8220;8px&#8220; border_color_all=&#8220;#ec6608&#8243; global_colors_info=&#8220;{}&#8220;][\/dipl_image_card][\/et_pb_column][et_pb_column type=&#8220;1_4&#8243; _builder_version=&#8220;4.27.4&#8243; _module_preset=&#8220;default&#8220; global_colors_info=&#8220;{}&#8220;][dipl_image_card hide_title=&#8220;on&#8220; image=&#8220;https:\/\/www.oneida-associes.com\/wp-content\/uploads\/SFA.png&#8220; _builder_version=&#8220;4.27.4&#8243; _module_preset=&#8220;default&#8220; border_width_all=&#8220;8px&#8220; border_color_all=&#8220;#ec6608&#8243; global_colors_info=&#8220;{}&#8220;][\/dipl_image_card][\/et_pb_column][\/et_pb_row][et_pb_row column_structure=&#8220;1_4,1_4,1_4,1_4&#8243; _builder_version=&#8220;4.27.4&#8243; _module_preset=&#8220;default&#8220; global_colors_info=&#8220;{}&#8220;][et_pb_column type=&#8220;1_4&#8243; _builder_version=&#8220;4.27.4&#8243; _module_preset=&#8220;default&#8220; global_colors_info=&#8220;{}&#8220;][dipl_image_card hide_title=&#8220;on&#8220; image=&#8220;https:\/\/www.oneida-associes.com\/wp-content\/uploads\/LACROIX.png&#8220; _builder_version=&#8220;4.27.4&#8243; _module_preset=&#8220;default&#8220; border_width_all=&#8220;8px&#8220; border_color_all=&#8220;#ec6608&#8243; global_colors_info=&#8220;{}&#8220;][\/dipl_image_card][\/et_pb_column][et_pb_column type=&#8220;1_4&#8243; _builder_version=&#8220;4.27.4&#8243; _module_preset=&#8220;default&#8220; global_colors_info=&#8220;{}&#8220;][dipl_image_card hide_title=&#8220;on&#8220; image=&#8220;https:\/\/www.oneida-associes.com\/wp-content\/uploads\/KOMORI-1.png&#8220; _builder_version=&#8220;4.27.4&#8243; _module_preset=&#8220;default&#8220; border_width_all=&#8220;8px&#8220; border_color_all=&#8220;#ec6608&#8243; global_colors_info=&#8220;{}&#8220;][\/dipl_image_card][\/et_pb_column][et_pb_column type=&#8220;1_4&#8243; _builder_version=&#8220;4.27.4&#8243; _module_preset=&#8220;default&#8220; global_colors_info=&#8220;{}&#8220;][dipl_image_card hide_title=&#8220;on&#8220; image=&#8220;https:\/\/www.oneida-associes.com\/wp-content\/uploads\/CORDON.png&#8220; _builder_version=&#8220;4.27.4&#8243; _module_preset=&#8220;default&#8220; border_width_all=&#8220;8px&#8220; border_color_all=&#8220;#ec6608&#8243; global_colors_info=&#8220;{}&#8220;][\/dipl_image_card][\/et_pb_column][et_pb_column type=&#8220;1_4&#8243; _builder_version=&#8220;4.27.4&#8243; _module_preset=&#8220;default&#8220; global_colors_info=&#8220;{}&#8220;][dipl_image_card hide_title=&#8220;on&#8220; image=&#8220;https:\/\/www.oneida-associes.com\/wp-content\/uploads\/NESTLE.png&#8220; _builder_version=&#8220;4.27.4&#8243; _module_preset=&#8220;default&#8220; border_width_all=&#8220;8px&#8220; border_color_all=&#8220;#ec6608&#8243; global_colors_info=&#8220;{}&#8220;][\/dipl_image_card][\/et_pb_column][\/et_pb_row][et_pb_row column_structure=&#8220;1_4,1_4,1_4,1_4&#8243; _builder_version=&#8220;4.27.4&#8243; _module_preset=&#8220;default&#8220; global_colors_info=&#8220;{}&#8220;][et_pb_column type=&#8220;1_4&#8243; _builder_version=&#8220;4.27.4&#8243; _module_preset=&#8220;default&#8220; global_colors_info=&#8220;{}&#8220;][dipl_image_card hide_title=&#8220;on&#8220; image=&#8220;https:\/\/www.oneida-associes.com\/wp-content\/uploads\/ATE.png&#8220; _builder_version=&#8220;4.27.4&#8243; _module_preset=&#8220;default&#8220; border_width_all=&#8220;8px&#8220; border_color_all=&#8220;#ec6608&#8243; global_colors_info=&#8220;{}&#8220;][\/dipl_image_card][\/et_pb_column][et_pb_column type=&#8220;1_4&#8243; _builder_version=&#8220;4.27.4&#8243; _module_preset=&#8220;default&#8220; global_colors_info=&#8220;{}&#8220;][dipl_image_card hide_title=&#8220;on&#8220; image=&#8220;https:\/\/www.oneida-associes.com\/wp-content\/uploads\/E-DEVICE.png&#8220; _builder_version=&#8220;4.27.4&#8243; _module_preset=&#8220;default&#8220; border_width_all=&#8220;8px&#8220; border_color_all=&#8220;#ec6608&#8243; global_colors_info=&#8220;{}&#8220;][\/dipl_image_card][\/et_pb_column][et_pb_column type=&#8220;1_4&#8243; _builder_version=&#8220;4.27.4&#8243; _module_preset=&#8220;default&#8220; global_colors_info=&#8220;{}&#8220;][dipl_image_card hide_title=&#8220;on&#8220; image=&#8220;https:\/\/www.oneida-associes.com\/wp-content\/uploads\/STAR-TEC-2.png&#8220; _builder_version=&#8220;4.27.4&#8243; _module_preset=&#8220;default&#8220; border_width_all=&#8220;8px&#8220; border_color_all=&#8220;#ec6608&#8243; global_colors_info=&#8220;{}&#8220;][\/dipl_image_card][\/et_pb_column][et_pb_column type=&#8220;1_4&#8243; _builder_version=&#8220;4.27.4&#8243; _module_preset=&#8220;default&#8220; global_colors_info=&#8220;{}&#8220;][dipl_image_card hide_title=&#8220;on&#8220; image=&#8220;https:\/\/www.oneida-associes.com\/wp-content\/uploads\/STAR-TEC-5.png&#8220; _builder_version=&#8220;4.27.4&#8243; _module_preset=&#8220;default&#8220; border_width_all=&#8220;8px&#8220; border_color_all=&#8220;#ec6608&#8243; global_colors_info=&#8220;{}&#8220;][\/dipl_image_card][\/et_pb_column][\/et_pb_row][et_pb_row column_structure=&#8220;1_4,1_4,1_4,1_4&#8243; _builder_version=&#8220;4.27.4&#8243; _module_preset=&#8220;default&#8220; global_colors_info=&#8220;{}&#8220;][et_pb_column type=&#8220;1_4&#8243; _builder_version=&#8220;4.27.4&#8243; _module_preset=&#8220;default&#8220; global_colors_info=&#8220;{}&#8220;][dipl_image_card hide_title=&#8220;on&#8220; image=&#8220;https:\/\/www.oneida-associes.com\/wp-content\/uploads\/SATEBA-3.png&#8220; _builder_version=&#8220;4.27.4&#8243; _module_preset=&#8220;default&#8220; border_width_all=&#8220;8px&#8220; border_color_all=&#8220;#ec6608&#8243; global_colors_info=&#8220;{}&#8220;][\/dipl_image_card][\/et_pb_column][et_pb_column type=&#8220;1_4&#8243; _builder_version=&#8220;4.27.4&#8243; _module_preset=&#8220;default&#8220; global_colors_info=&#8220;{}&#8220;][dipl_image_card hide_title=&#8220;on&#8220; image=&#8220;https:\/\/www.oneida-associes.com\/wp-content\/uploads\/POCLAIN.png&#8220; _builder_version=&#8220;4.27.4&#8243; _module_preset=&#8220;default&#8220; border_width_all=&#8220;8px&#8220; border_color_all=&#8220;#ec6608&#8243; global_colors_info=&#8220;{}&#8220;][\/dipl_image_card][\/et_pb_column][et_pb_column type=&#8220;1_4&#8243; _builder_version=&#8220;4.27.4&#8243; _module_preset=&#8220;default&#8220; global_colors_info=&#8220;{}&#8220;][dipl_image_card hide_title=&#8220;on&#8220; image=&#8220;https:\/\/www.oneida-associes.com\/wp-content\/uploads\/ACPS.png&#8220; _builder_version=&#8220;4.27.4&#8243; _module_preset=&#8220;default&#8220; border_width_all=&#8220;8px&#8220; border_color_all=&#8220;#ec6608&#8243; global_colors_info=&#8220;{}&#8220;][\/dipl_image_card][\/et_pb_column][et_pb_column type=&#8220;1_4&#8243; _builder_version=&#8220;4.27.4&#8243; _module_preset=&#8220;default&#8220; global_colors_info=&#8220;{}&#8220;][dipl_image_card hide_title=&#8220;on&#8220; image=&#8220;https:\/\/www.oneida-associes.com\/wp-content\/uploads\/SANDVIK.png&#8220; _builder_version=&#8220;4.27.4&#8243; _module_preset=&#8220;default&#8220; border_width_all=&#8220;8px&#8220; border_color_all=&#8220;#ec6608&#8243; global_colors_info=&#8220;{}&#8220;][\/dipl_image_card][\/et_pb_column][\/et_pb_row][\/et_pb_section][et_pb_section fb_built=&#8220;1&#8243; fullwidth=&#8220;on&#8220; _builder_version=&#8220;4.27.4&#8243; _module_preset=&#8220;default&#8220; global_colors_info=&#8220;{}&#8220;][et_pb_fullwidth_image src=&#8220;https:\/\/www.oneida-associes.com\/wp-content\/uploads\/ONEIDA_ASSOCIES-12-24-2000-39.png&#8220; title_text=&#8220;ONEIDA ASSOCIES 12 24 2000 39&#8243; _builder_version=&#8220;4.27.4&#8243; _module_preset=&#8220;default&#8220; global_colors_info=&#8220;{}&#8220;][\/et_pb_fullwidth_image][\/et_pb_section]<\/p>\n","protected":false},"excerpt":{"rendered":"<p>Transaktionen L\u00f6sungen M&amp;A<div class=\"et_pb_with_border et_pb_module dipl_image_card dipl_image_card_0  et_pb_text_align_left et_pb_bg_layout_light\">\n\t\t\t\t\n\t\t\t\t\n\t\t\t\t\n\t\t\t\t\n\t\t\t\t\n\t\t\t\t\n\t\t\t\t<div class=\"et_pb_module_inner\">\n\t\t\t\t\t<div class=\"dipl_image_card_wrapper\" data-enable_lightbox=\"off\"><div class=\"dipl_image_card_image_wrapper\"><img decoding=\"async\" src=\"https:\/\/www.oneida-associes.com\/wp-content\/uploads\/EUROFOIL.png\" alt=\"\" srcset=\"https:\/\/www.oneida-associes.com\/wp-content\/uploads\/EUROFOIL.png 283w, https:\/\/www.oneida-associes.com\/wp-content\/uploads\/EUROFOIL-192x300.png 192w\" sizes=\"(max-width: 283px) 100vw, 283px\" class=\"dipl_image_card_image\" \/><\/div><\/div>\n\t\t\t\t<\/div>\n\t\t\t<\/div><div class=\"et_pb_with_border et_pb_module dipl_image_card dipl_image_card_1  et_pb_text_align_left et_pb_bg_layout_light\">\n\t\t\t\t\n\t\t\t\t\n\t\t\t\t\n\t\t\t\t\n\t\t\t\t\n\t\t\t\t\n\t\t\t\t<div class=\"et_pb_module_inner\">\n\t\t\t\t\t<div class=\"dipl_image_card_wrapper\" data-enable_lightbox=\"off\"><div class=\"dipl_image_card_image_wrapper\"><img decoding=\"async\" src=\"https:\/\/www.oneida-associes.com\/wp-content\/uploads\/MADENR.png\" alt=\"\" srcset=\"https:\/\/www.oneida-associes.com\/wp-content\/uploads\/MADENR.png 283w, https:\/\/www.oneida-associes.com\/wp-content\/uploads\/MADENR-192x300.png 192w\" sizes=\"(max-width: 283px) 100vw, 283px\" class=\"dipl_image_card_image\" \/><\/div><\/div>\n\t\t\t\t<\/div>\n\t\t\t<\/div><div class=\"et_pb_with_border et_pb_module dipl_image_card dipl_image_card_2  et_pb_text_align_left et_pb_bg_layout_light\">\n\t\t\t\t\n\t\t\t\t\n\t\t\t\t\n\t\t\t\t\n\t\t\t\t\n\t\t\t\t\n\t\t\t\t<div class=\"et_pb_module_inner\">\n\t\t\t\t\t<div class=\"dipl_image_card_wrapper\" data-enable_lightbox=\"off\"><div class=\"dipl_image_card_image_wrapper\"><img decoding=\"async\" src=\"https:\/\/www.oneida-associes.com\/wp-content\/uploads\/FDB.png\" alt=\"\" srcset=\"https:\/\/www.oneida-associes.com\/wp-content\/uploads\/FDB.png 283w, https:\/\/www.oneida-associes.com\/wp-content\/uploads\/FDB-192x300.png 192w\" sizes=\"(max-width: 283px) 100vw, 283px\" class=\"dipl_image_card_image\" \/><\/div><\/div>\n\t\t\t\t<\/div>\n\t\t\t<\/div><div class=\"et_pb_with_border et_pb_module dipl_image_card dipl_image_card_3  et_pb_text_align_left et_pb_bg_layout_light\">\n\t\t\t\t\n\t\t\t\t\n\t\t\t\t\n\t\t\t\t\n\t\t\t\t\n\t\t\t\t\n\t\t\t\t<div class=\"et_pb_module_inner\">\n\t\t\t\t\t<div class=\"dipl_image_card_wrapper\" data-enable_lightbox=\"off\"><div class=\"dipl_image_card_image_wrapper\"><img decoding=\"async\" src=\"https:\/\/www.oneida-associes.com\/wp-content\/uploads\/KOMORI-2.png\" alt=\"\" srcset=\"https:\/\/www.oneida-associes.com\/wp-content\/uploads\/KOMORI-2.png 283w, https:\/\/www.oneida-associes.com\/wp-content\/uploads\/KOMORI-2-192x300.png 192w\" sizes=\"(max-width: 283px) 100vw, 283px\" class=\"dipl_image_card_image\" \/><\/div><\/div>\n\t\t\t\t<\/div>\n\t\t\t<\/div><div class=\"et_pb_with_border et_pb_module dipl_image_card dipl_image_card_4  et_pb_text_align_left et_pb_bg_layout_light\">\n\t\t\t\t\n\t\t\t\t\n\t\t\t\t\n\t\t\t\t\n\t\t\t\t\n\t\t\t\t\n\t\t\t\t<div class=\"et_pb_module_inner\">\n\t\t\t\t\t<div class=\"dipl_image_card_wrapper\" data-enable_lightbox=\"off\"><div class=\"dipl_image_card_image_wrapper\"><img decoding=\"async\" src=\"https:\/\/www.oneida-associes.com\/wp-content\/uploads\/WALOR.png\" alt=\"\" srcset=\"https:\/\/www.oneida-associes.com\/wp-content\/uploads\/WALOR.png 283w, https:\/\/www.oneida-associes.com\/wp-content\/uploads\/WALOR-192x300.png 192w\" sizes=\"(max-width: 283px) 100vw, 283px\" class=\"dipl_image_card_image\" \/><\/div><\/div>\n\t\t\t\t<\/div>\n\t\t\t<\/div><div class=\"et_pb_with_border et_pb_module dipl_image_card dipl_image_card_5  et_pb_text_align_left et_pb_bg_layout_light\">\n\t\t\t\t\n\t\t\t\t\n\t\t\t\t\n\t\t\t\t\n\t\t\t\t\n\t\t\t\t\n\t\t\t\t<div class=\"et_pb_module_inner\">\n\t\t\t\t\t<div class=\"dipl_image_card_wrapper\" data-enable_lightbox=\"off\"><div class=\"dipl_image_card_image_wrapper\"><img decoding=\"async\" src=\"https:\/\/www.oneida-associes.com\/wp-content\/uploads\/FICA.png\" alt=\"\" srcset=\"https:\/\/www.oneida-associes.com\/wp-content\/uploads\/FICA.png 283w, https:\/\/www.oneida-associes.com\/wp-content\/uploads\/FICA-192x300.png 192w\" sizes=\"(max-width: 283px) 100vw, 283px\" class=\"dipl_image_card_image\" \/><\/div><\/div>\n\t\t\t\t<\/div>\n\t\t\t<\/div><div class=\"et_pb_with_border et_pb_module dipl_image_card dipl_image_card_6  et_pb_text_align_left et_pb_bg_layout_light\">\n\t\t\t\t\n\t\t\t\t\n\t\t\t\t\n\t\t\t\t\n\t\t\t\t\n\t\t\t\t\n\t\t\t\t<div class=\"et_pb_module_inner\">\n\t\t\t\t\t<div class=\"dipl_image_card_wrapper\" data-enable_lightbox=\"off\"><div class=\"dipl_image_card_image_wrapper\"><img decoding=\"async\" src=\"https:\/\/www.oneida-associes.com\/wp-content\/uploads\/CYBERGUN.png\" alt=\"\" srcset=\"https:\/\/www.oneida-associes.com\/wp-content\/uploads\/CYBERGUN.png 283w, https:\/\/www.oneida-associes.com\/wp-content\/uploads\/CYBERGUN-192x300.png 192w\" sizes=\"(max-width: 283px) 100vw, 283px\" class=\"dipl_image_card_image\" \/><\/div><\/div>\n\t\t\t\t<\/div>\n\t\t\t<\/div><div class=\"et_pb_module dipl_image_card dipl_image_card_7  et_pb_text_align_left et_pb_bg_layout_light\">\n\t\t\t\t\n\t\t\t\t\n\t\t\t\t\n\t\t\t\t\n\t\t\t\t\n\t\t\t\t\n\t\t\t\t<div class=\"et_pb_module_inner\">\n\t\t\t\t\t<div class=\"dipl_image_card_wrapper\" data-enable_lightbox=\"off\"><div class=\"dipl_image_card_image_wrapper\"><img decoding=\"async\" src=\"\" alt=\"\" class=\"et_multi_view_hidden_image dipl_image_card_image\" \/><\/div><\/div>\n\t\t\t\t<\/div>\n\t\t\t<\/div><\/p>\n","protected":false},"author":1,"featured_media":0,"parent":0,"menu_order":0,"comment_status":"closed","ping_status":"closed","template":"","meta":{"_et_pb_use_builder":"on","_et_pb_old_content":"","_et_gb_content_width":"","footnotes":""},"categories":[],"tags":[],"class_list":["post-1255","page","type-page","status-publish","hentry"],"yoast_head":"<!-- This site is optimized with the Yoast SEO plugin v27.5 - https:\/\/yoast.com\/product\/yoast-seo-wordpress\/ -->\n<title>Transaktionen L\u00f6sungen M&amp;A - Oneida Associ\u00e9s<\/title>\n<meta name=\"robots\" content=\"index, follow, max-snippet:-1, max-image-preview:large, max-video-preview:-1\" \/>\n<link rel=\"canonical\" href=\"https:\/\/www.oneida-associes.com\/de\/transaktionsloesungen-ma\/\" \/>\n<meta property=\"og:locale\" content=\"de_DE\" \/>\n<meta property=\"og:type\" content=\"article\" \/>\n<meta property=\"og:title\" content=\"Transaktionen L\u00f6sungen M&amp;A - Oneida Associ\u00e9s\" \/>\n<meta property=\"og:description\" content=\"Transaktionen L\u00f6sungen M&amp;A\" \/>\n<meta property=\"og:url\" content=\"https:\/\/www.oneida-associes.com\/de\/transaktionsloesungen-ma\/\" \/>\n<meta property=\"og:site_name\" content=\"Oneida Associ\u00e9s\" \/>\n<meta property=\"article:modified_time\" content=\"2025-11-13T17:23:44+00:00\" \/>\n<meta name=\"twitter:card\" content=\"summary_large_image\" \/>\n<meta name=\"twitter:label1\" content=\"Gesch\u00e4tzte Lesezeit\" \/>\n\t<meta name=\"twitter:data1\" content=\"5\u00a0Minute\" \/>\n<script type=\"application\/ld+json\" class=\"yoast-schema-graph\">{\"@context\":\"https:\\\/\\\/schema.org\",\"@graph\":[{\"@type\":\"WebPage\",\"@id\":\"https:\\\/\\\/www.oneida-associes.com\\\/de\\\/transaktionsloesungen-ma\\\/\",\"url\":\"https:\\\/\\\/www.oneida-associes.com\\\/de\\\/transaktionsloesungen-ma\\\/\",\"name\":\"Transaktionen L\u00f6sungen M&amp;A - Oneida Associ\u00e9s\",\"isPartOf\":{\"@id\":\"https:\\\/\\\/www.oneida-associes.com\\\/de\\\/#website\"},\"datePublished\":\"2025-05-20T15:35:10+00:00\",\"dateModified\":\"2025-11-13T17:23:44+00:00\",\"breadcrumb\":{\"@id\":\"https:\\\/\\\/www.oneida-associes.com\\\/de\\\/transaktionsloesungen-ma\\\/#breadcrumb\"},\"inLanguage\":\"de\",\"potentialAction\":[{\"@type\":\"ReadAction\",\"target\":[\"https:\\\/\\\/www.oneida-associes.com\\\/de\\\/transaktionsloesungen-ma\\\/\"]}]},{\"@type\":\"BreadcrumbList\",\"@id\":\"https:\\\/\\\/www.oneida-associes.com\\\/de\\\/transaktionsloesungen-ma\\\/#breadcrumb\",\"itemListElement\":[{\"@type\":\"ListItem\",\"position\":1,\"name\":\"Accueil\",\"item\":\"https:\\\/\\\/www.oneida-associes.com\\\/de\\\/\"},{\"@type\":\"ListItem\",\"position\":2,\"name\":\"Transaktionen L\u00f6sungen M&amp;A\"}]},{\"@type\":\"WebSite\",\"@id\":\"https:\\\/\\\/www.oneida-associes.com\\\/de\\\/#website\",\"url\":\"https:\\\/\\\/www.oneida-associes.com\\\/de\\\/\",\"name\":\"Oneida Associ\u00e9s\",\"description\":\"Accompagne vos projets de transformation\",\"potentialAction\":[{\"@type\":\"SearchAction\",\"target\":{\"@type\":\"EntryPoint\",\"urlTemplate\":\"https:\\\/\\\/www.oneida-associes.com\\\/de\\\/?s={search_term_string}\"},\"query-input\":{\"@type\":\"PropertyValueSpecification\",\"valueRequired\":true,\"valueName\":\"search_term_string\"}}],\"inLanguage\":\"de\"}]}<\/script>\n<!-- \/ Yoast SEO plugin. -->","yoast_head_json":{"title":"Transaktionen L\u00f6sungen M&amp;A - Oneida Associ\u00e9s","robots":{"index":"index","follow":"follow","max-snippet":"max-snippet:-1","max-image-preview":"max-image-preview:large","max-video-preview":"max-video-preview:-1"},"canonical":"https:\/\/www.oneida-associes.com\/de\/transaktionsloesungen-ma\/","og_locale":"de_DE","og_type":"article","og_title":"Transaktionen L\u00f6sungen M&amp;A - Oneida Associ\u00e9s","og_description":"Transaktionen L\u00f6sungen M&amp;A","og_url":"https:\/\/www.oneida-associes.com\/de\/transaktionsloesungen-ma\/","og_site_name":"Oneida Associ\u00e9s","article_modified_time":"2025-11-13T17:23:44+00:00","twitter_card":"summary_large_image","twitter_misc":{"Gesch\u00e4tzte Lesezeit":"5\u00a0Minute"},"schema":{"@context":"https:\/\/schema.org","@graph":[{"@type":"WebPage","@id":"https:\/\/www.oneida-associes.com\/de\/transaktionsloesungen-ma\/","url":"https:\/\/www.oneida-associes.com\/de\/transaktionsloesungen-ma\/","name":"Transaktionen L\u00f6sungen M&amp;A - Oneida Associ\u00e9s","isPartOf":{"@id":"https:\/\/www.oneida-associes.com\/de\/#website"},"datePublished":"2025-05-20T15:35:10+00:00","dateModified":"2025-11-13T17:23:44+00:00","breadcrumb":{"@id":"https:\/\/www.oneida-associes.com\/de\/transaktionsloesungen-ma\/#breadcrumb"},"inLanguage":"de","potentialAction":[{"@type":"ReadAction","target":["https:\/\/www.oneida-associes.com\/de\/transaktionsloesungen-ma\/"]}]},{"@type":"BreadcrumbList","@id":"https:\/\/www.oneida-associes.com\/de\/transaktionsloesungen-ma\/#breadcrumb","itemListElement":[{"@type":"ListItem","position":1,"name":"Accueil","item":"https:\/\/www.oneida-associes.com\/de\/"},{"@type":"ListItem","position":2,"name":"Transaktionen L\u00f6sungen M&amp;A"}]},{"@type":"WebSite","@id":"https:\/\/www.oneida-associes.com\/de\/#website","url":"https:\/\/www.oneida-associes.com\/de\/","name":"Oneida Associ\u00e9s","description":"Accompagne vos projets de transformation","potentialAction":[{"@type":"SearchAction","target":{"@type":"EntryPoint","urlTemplate":"https:\/\/www.oneida-associes.com\/de\/?s={search_term_string}"},"query-input":{"@type":"PropertyValueSpecification","valueRequired":true,"valueName":"search_term_string"}}],"inLanguage":"de"}]}},"_links":{"self":[{"href":"https:\/\/www.oneida-associes.com\/de\/wp-json\/wp\/v2\/pages\/1255","targetHints":{"allow":["GET"]}}],"collection":[{"href":"https:\/\/www.oneida-associes.com\/de\/wp-json\/wp\/v2\/pages"}],"about":[{"href":"https:\/\/www.oneida-associes.com\/de\/wp-json\/wp\/v2\/types\/page"}],"author":[{"embeddable":true,"href":"https:\/\/www.oneida-associes.com\/de\/wp-json\/wp\/v2\/users\/1"}],"replies":[{"embeddable":true,"href":"https:\/\/www.oneida-associes.com\/de\/wp-json\/wp\/v2\/comments?post=1255"}],"version-history":[{"count":5,"href":"https:\/\/www.oneida-associes.com\/de\/wp-json\/wp\/v2\/pages\/1255\/revisions"}],"predecessor-version":[{"id":1821,"href":"https:\/\/www.oneida-associes.com\/de\/wp-json\/wp\/v2\/pages\/1255\/revisions\/1821"}],"wp:attachment":[{"href":"https:\/\/www.oneida-associes.com\/de\/wp-json\/wp\/v2\/media?parent=1255"}],"wp:term":[{"taxonomy":"category","embeddable":true,"href":"https:\/\/www.oneida-associes.com\/de\/wp-json\/wp\/v2\/categories?post=1255"},{"taxonomy":"post_tag","embeddable":true,"href":"https:\/\/www.oneida-associes.com\/de\/wp-json\/wp\/v2\/tags?post=1255"}],"curies":[{"name":"wp","href":"https:\/\/api.w.org\/{rel}","templated":true}]}}